{"id":2043,"date":"2021-01-25T05:41:07","date_gmt":"2021-01-25T05:41:07","guid":{"rendered":"http:\/\/ibe-travel.decodeup-projects.com\/?page_id=2043"},"modified":"2021-03-24T05:35:38","modified_gmt":"2021-03-24T05:35:38","slug":"greed-salad-detox-program","status":"publish","type":"page","link":"https:\/\/ibe-travel-wellbeing.com\/de\/greed-salad-detox-program\/","title":{"rendered":"GREED SALAD DETOX PROGRAM"},"content":{"rendered":"<p>[vc_row add_container=&#8221;&#8221; css=&#8221;.vc_custom_1553755572690{margin-top: 30px !important;}&#8221;][vc_column][vc_column_text]<\/p>\n<h2 style=\"text-align: center; color: #6d6d6d;\">GREEN SALAD DETOX PROGRAM<\/h2>\n<p>[\/vc_column_text][\/vc_column][\/vc_row][vc_row full_width=&#8221;stretch_row_content_with_container&#8221; add_container=&#8221;&#8221;][vc_column width=&#8221;2\/3&#8243;][vc_single_image image=&#8221;1167&#8243; img_size=&#8221;full&#8221;][\/vc_column][vc_column width=&#8221;1\/3&#8243;][vc_column_text]<\/p>\n<p class=\"cstm_dt_desc_strong\">Wir empfehlen den Green Salad Detox allen, die \u00dcbergewicht verlieren, ihr Verdauungssystem.<br \/>\nentspannen und einen geliebten Menschen bei einem Detox-Programm begleiten m\u00f6chten<\/p>\n<p class=\"cstm_dt_desc_strong\">Gr\u00fcnpflanzen enthalten viel Chlorophyll, was der Gesundheit sehr zutr\u00e4glich ist. Dank der hohen Mengen an Chlorophyll in den f\u00fcr Sie zubereiteten dunkelgr\u00fcnenBl\u00e4ttern steigt der Sauerstoffgehalt Ihres Blutes. W\u00e4hrend dieses Entgiftungsprogramms konsumieren Sie rohe Gem\u00fcse- und Fruchts\u00e4fte, Salate aus dunkelgr\u00fcnen Bl\u00e4ttern und Sprossen<\/p>\n<p class=\"cstm_dt_desc_strong\">Das Green Salad Detox-Programm kann auch 1-3 Tage vor und nach einem Master Detox-Programm als Pre- und Post-Detox-Di\u00e4t angewendet werden.<\/p>\n<p>[\/vc_column_text][\/vc_column][\/vc_row][vc_row full_width=&#8221;stretch_row_content_with_container&#8221; add_container=&#8221;&#8221;][vc_column][vc_column_text]<\/p>\n<p class=\"cstm_dt_desc_mn\">Das Entgiftungsprogramm f\u00fcr gr\u00fcnen Salat kann auch eine gute Alternative f\u00fcr diejenigen sein, die nicht nur eine fl\u00fcssige Ern\u00e4hrung w\u00fcnschen, da der Ern\u00e4hrungsplan des Programms f\u00fcr gr\u00fcnen Salat eine Kombination aus dunklen, gr\u00fcnen Blattsalaten und frischen Obst- und Gem\u00fcses\u00e4ften enth\u00e4lt. Dieses Programmsoll Sie voll genug halten, Ihren Hunger kontrollieren und gleichzeitig Ihren Stoffwechsel ankurbeln und Ihren K\u00f6rper entgiften.<\/p>\n<p>[\/vc_column_text][\/vc_column][\/vc_row][vc_row full_width=&#8221;stretch_row_content_with_container&#8221; add_container=&#8221;&#8221;][vc_column width=&#8221;1\/2&#8243;][vc_column_text]<\/p>\n<div class=\"prg_mn\">\n<h3 class=\"cstm_prg_ttl\">PROGRAM SCHEDULE<\/h3>\n<ul>\n<li>08:00 Immune Boost<\/li>\n<li>08:15 Yoga \u2013 Meditation<\/li>\n<li>09:30 Program Information<\/li>\n<li>09:30 Alkalize + Wheatgrass Juice + Kelp&amp;Nettle<\/li>\n<li>11:00 1 Glass of pH 10 Alkaline Water and Detox Soup<\/li>\n<li>12:30 Green Detox Salad<\/li>\n<li>14:00 1 Glass of pH 10 Alkaline Water and Detox Soup<\/li>\n<li>14:00 Afternoon Yoga<\/li>\n<li>15:30 Alkalize + Wheatgrass Juice + Kelp&amp;Nettle<\/li>\n<li>17:00 1 Glass of pH 10 Alkaline Water and Detox Soup<\/li>\n<li>17:00 Movie Screening<\/li>\n<li>18:30 Green Detox Salad<\/li>\n<\/ul>\n<\/div>\n<p>[\/vc_column_text][\/vc_column][vc_column width=&#8221;1\/2&#8243;][vc_column_text]<\/p>\n<div class=\"prg_mn_bg\">\n<h3 class=\"cstm_prg_ttl\">WHAT IS INCLUDED<\/h3>\n<ul>\n<li>Accommodation<\/li>\n<li>Detox \/ Healthy Nutrition Program<\/li>\n<li>Yoga \/ Meditation<\/li>\n<li>Doctor Consultation<\/li>\n<li>Body Composition Analysis<\/li>\n<li>Nutrition and Diet Counseling<\/li>\n<li>Nutrition and Diet Workshops<\/li>\n<li>SPA, Fitness &amp; Swimming Pool<\/li>\n<li>Biophoton Therapy<\/li>\n<li>Turbosonic Vibration Therapy<\/li>\n<li>Infrared Sauna<\/li>\n<li>Daily Steam Room Use<\/li>\n<li>Daily Oxygen Therapy<\/li>\n<li>Daily Colon Cleansing<\/li>\n<\/ul>\n<\/div>\n<p>[\/vc_column_text][\/vc_column][vc_column][vc_column_text]<\/p>\n<p class=\"cstm-prg_note\">*Der Programmplan und die enthaltenen Services k\u00f6nnen sich je nach Pr\u00e4ferenz und Saisonalit\u00e4t des Centers geringf\u00fcgig \u00e4ndern<\/p>\n<p>[\/vc_column_text][\/vc_column][\/vc_row][vc_row full_width=&#8221;stretch_row_content_with_container&#8221; add_container=&#8221;&#8221;][vc_column][vc_text_separator title=&#8221;Vorteile des \u2018Green Salad Detox-Programms\u2019&#8221; el_class=&#8221;cstm_line_text&#8221;][vc_column_text]<\/p>\n<p class=\"cstm_benifits_desc\">Gr\u00fcne Entgiftungssalate werden aus kalorienarmen, dunklen Blattgem\u00fcsen hergestellt, die Nitrate und Fols\u00e4ure enthalten. Nitri(a)te aus gr\u00fcnen Salaten helfen, Fettzellen zu verbrennen. Eventuelle Komplikationen durch Folat-Mangel verschwinden, weil Sie die richtige Menge an Fols\u00e4ure erhalten werden. Mit dem \u2018Green Salad Detox\u2019 k\u00f6nnen reichhaltige N\u00e4hrstoffe und Vitamine leicht vom K\u00f6rper aufgenommen werden. Hohe Mengen an Chlorophyll neutralisieren, eliminieren Toxine und entgiften den K\u00f6rper.<\/p>\n<p>[\/vc_column_text][\/vc_column][\/vc_row][vc_row full_width=&#8221;stretch_row_content_with_container&#8221; add_container=&#8221;&#8221;][vc_column width=&#8221;1\/2&#8243;][vc_custom_heading text=&#8221;HilfebeimGewichtsverlust&#8221; font_container=&#8221;tag:h4|text_align:left&#8221; use_theme_fonts=&#8221;yes&#8221; el_class=&#8221;cstm_benifits_sub_ttl&#8221;][vc_column_text]<\/p>\n<p class=\"cstm_benifits_subdesc\">Kalorienarmes Blattgem\u00fcse enth\u00e4lt kein Fett oder Cholesterin, sondern einen hohen Wassergehalt, Vitamine, Mineralien und vor allem Nitrite. Diese helfen Ihrem K\u00f6rper, Fettzellen zu verbrennen und \u00dcbergewicht zu verlieren.<\/p>\n<p>[\/vc_column_text][\/vc_column][vc_column width=&#8221;1\/2&#8243;][vc_custom_heading text=&#8221;Senkt den Cholesterinspiegel&#8221; font_container=&#8221;tag:h4|text_align:left&#8221; use_theme_fonts=&#8221;yes&#8221; el_class=&#8221;cstm_benifits_sub_ttl&#8221;][vc_column_text]<\/p>\n<p class=\"cstm_benifits_subdesc\">Dunkelgr\u00fcnes und rohes Gem\u00fcse enthalten &#8211; im Gegensatz zu tierischen Lebensmittel &#8211; kein Cholesterin. \u2018Green Salad Detox\u2019 senkt Ihr Cholesterin und beugt Komplikationen vor, die aufgrund eines hohen Cholesterinspiegels in Ihrem K\u00f6rper auftreten k\u00f6nnen.<\/p>\n<p>[\/vc_column_text][\/vc_column][\/vc_row][vc_row full_width=&#8221;stretch_row_content_with_container&#8221; add_container=&#8221;&#8221;][vc_column width=&#8221;1\/2&#8243;][vc_custom_heading text=&#8221;Verbessert die N\u00e4hrstoffaufnahme&#8221; font_container=&#8221;tag:h4|text_align:left&#8221; use_theme_fonts=&#8221;yes&#8221; el_class=&#8221;cstm_benifits_sub_ttl&#8221;][vc_column_text]<\/p>\n<p class=\"cstm_benifits_subdesc\">Die richtige Aufnahme von N\u00e4hrstoffen ist sehr wichtig f\u00fcr Ihre optimale Gesundheit. Der Verzehr von rohen, gr\u00fcnen Salaten kann die N\u00e4hrstoff-Aufnahme verbessern. W\u00e4hrend der Entgiftung mit gr\u00fcnem Blattgem\u00fcse werden Sie eine positive Ver\u00e4nderung Ihres allgemeinen Wohlbefindens bemerken.<\/p>\n<p>[\/vc_column_text][\/vc_column][vc_column width=&#8221;1\/2&#8243;][vc_custom_heading text=&#8221;Reinigt die Leber&#8221; font_container=&#8221;tag:h4|text_align:left&#8221; use_theme_fonts=&#8221;yes&#8221; el_class=&#8221;cstm_benifits_sub_ttl&#8221;][vc_column_text]<\/p>\n<p class=\"cstm_benifits_subdesc\">Hohe Mengen an Chlorophyll in dunklen, gr\u00fcnen Bl\u00e4ttern beseitigen in ihrer Leber Toxine (Giftstoffe) und verhindern somit Lebererkrankungen. Eine aktive Leber hilft bei der Reinigung des Dickdarms und bei der Entgiftung ihres K\u00f6rpers.<\/p>\n<p>[\/vc_column_text][\/vc_column][\/vc_row][vc_row full_width=&#8221;stretch_row_content_with_container&#8221; add_container=&#8221;&#8221;][vc_column width=&#8221;1\/2&#8243;][vc_custom_heading text=&#8221;Erh\u00f6ht den Folatgehalt&#8221; font_container=&#8221;tag:h4|text_align:left&#8221; use_theme_fonts=&#8221;yes&#8221; el_class=&#8221;cstm_benifits_sub_ttl&#8221;][vc_column_text]<\/p>\n<p class=\"cstm_benifits_subdesc\">Ein Mangel an Fols\u00e4ure kann h\u00e4ufig aufgrund unzureichender und ungesunder Essgewohnheiten auftreten. Gr\u00fcner Salat &#8211; vor allem in Kombination mit Spinat und anderen Blattsalaten &#8211; enth\u00e4lt viel Fols\u00e4ure und gleicht Ihren Folat-Spiegel aus.<\/p>\n<p>[\/vc_column_text][\/vc_column][vc_column width=&#8221;1\/2&#8243;][vc_custom_heading text=&#8221;Beugt einem Glukose-Ungleichgewicht vor&#8221; font_container=&#8221;tag:h4|text_align:left&#8221; use_theme_fonts=&#8221;yes&#8221; el_class=&#8221;cstm_benifits_sub_ttl&#8221;][vc_column_text]<\/p>\n<p class=\"cstm_benifits_subdesc\">Gem\u00fcse wie Gr\u00fcnkohl und Spinat sind sehr ballaststoffreich. \u2018Green Salad Detox\u2019 hilft Ihrem K\u00f6rper, behutsam den Stoffwechsel voranzutreiben und spielt eine wichtige Rolle dabei, einen pl\u00f6tzlichen Anstieg des Blutzuckerspiegels zu verhindern.<\/p>\n<p>[\/vc_column_text][\/vc_column][\/vc_row][vc_row full_width=&#8221;stretch_row_content_with_container&#8221; add_container=&#8221;&#8221;][vc_column width=&#8221;1\/2&#8243;][vc_custom_heading text=&#8221;Erh\u00f6ht die Enzyme&#8221; font_container=&#8221;tag:h4|text_align:left&#8221; use_theme_fonts=&#8221;yes&#8221; el_class=&#8221;cstm_benifits_sub_ttl&#8221;][vc_column_text]<\/p>\n<p class=\"cstm_benifits_subdesc\">Ihr K\u00f6rper ben\u00f6tigt f\u00fcr einen guten Stoffwechsel Enzyme, welche durch den Abbau von Fetten und Kohlenhydraten ausgel\u00f6st werden. Dunkles Blattgem\u00fcse enth\u00e4lt reichhaltige Enzyme. Damit wird Ihre Verdauung unterst\u00fctzt und der Verdauungsprozess im K\u00f6rper gestaerkt.<\/p>\n<p>[\/vc_column_text][\/vc_column][vc_column width=&#8221;1\/2&#8243;][vc_custom_heading text=&#8221;Verbessert das Hautgl\u00fchen&#8221; font_container=&#8221;tag:h4|text_align:left&#8221; use_theme_fonts=&#8221;yes&#8221; el_class=&#8221;cstm_benifits_sub_ttl&#8221;][vc_column_text]<\/p>\n<p class=\"cstm_benifits_subdesc\">Es ist wahr, dass dunkles Blattgr\u00fcn Ihre Haut zum Strahlen bringt! M\u00f6chtest du wissen, wie? Die Antwort ist sehr einfach! Durch die Anti-Aging-Wirkung und die Beseitigung von Toxinen erh\u00e4lt Ihre Haut auf nat\u00fcrliche Weise ihren Glanz zur\u00fcck.<\/p>\n<p>[\/vc_column_text][\/vc_column][\/vc_row][vc_row full_width=&#8221;stretch_row&#8221; add_container=&#8221;&#8221; css=&#8221;.vc_custom_1556078193136{background-color: #005664 !important;}&#8221; el_id=&#8221;cstm_row_color&#8221;][vc_column][vc_column_text]<\/p>\n<div class=\"cstm_hlt_hpr_links_grp\">\n<div class=\"cstm_links_cnt\">Please check other Detox Programs<\/div>\n<div class=\"cstm_hlt_link\" style=\"text-align: center;\"><strong><a href=\"http:\/\/ibe-travel.decodeup-projects.com\/de\/detox-program\/\">Go to Detox Programs<\/a><\/strong><\/div>\n<\/div>\n<p>[\/vc_column_text][\/vc_column][\/vc_row][vc_row full_width=&#8221;stretch_row&#8221; add_container=&#8221;&#8221; css=&#8221;.vc_custom_1614771968976{padding-top: 80px !important;padding-bottom: 80px !important;background-color: #543bdd !important;background-position: center !important;background-repeat: no-repeat !important;background-size: cover !important;}&#8221;][vc_column width=&#8221;1\/2&#8243;][vc_column_text]<\/p>\n<h2 class=\"vc_custom_heading m-b-xs vc_custom_1546006315451 align-left\">Reservation Inquiry<\/h2>\n<div class=\"wpb_text_column wpb_content_element \">\n<div class=\"wpb_wrapper cstm_descp_con\">\n<p>If you would like to make an inquiry, please fill the reservation form. Once you submit the form, we will get in touch with you and inform you about our programs.<\/p>\n<p>You can address your additional questions in the note box. Our reservation team will assist you to pick the right program.<\/p><\/div>\n<\/div>\n<p>[\/vc_column_text][\/vc_column][vc_column width=&#8221;1\/2&#8243;]\n<div class=\"wpcf7 no-js\" id=\"wpcf7-f6974-o1\" lang=\"en-US\" dir=\"ltr\" data-wpcf7-id=\"6974\">\n<div class=\"screen-reader-response\"><p role=\"status\" aria-live=\"polite\" aria-atomic=\"true\"><\/p> <ul><\/ul><\/div>\n<form action=\"\/de\/wp-json\/wp\/v2\/pages\/2043#wpcf7-f6974-o1\" method=\"post\" class=\"wpcf7-form init\" aria-label=\"Contact form\" novalidate=\"novalidate\" data-status=\"init\">\n<fieldset class=\"hidden-fields-container\"><input type=\"hidden\" name=\"_wpcf7\" value=\"6974\" \/><input type=\"hidden\" name=\"_wpcf7_version\" value=\"6.1.5\" \/><input type=\"hidden\" name=\"_wpcf7_locale\" value=\"en_US\" \/><input type=\"hidden\" name=\"_wpcf7_unit_tag\" value=\"wpcf7-f6974-o1\" \/><input type=\"hidden\" name=\"_wpcf7_container_post\" value=\"0\" \/><input type=\"hidden\" name=\"_wpcf7_posted_data_hash\" value=\"\" \/><input type=\"hidden\" name=\"_wpcf7dtx_version\" value=\"5.0.5\" \/><input type=\"hidden\" name=\"_wpcf7_recaptcha_response\" value=\"\" \/>\n<\/fieldset>\n<div class=\"cstm-ctn-form-bg\">\n\t<div class=\"cstm-ctn-form\">\n\t\t<div class=\"cstm-ctn-form-box\">\n\t\t\t<div class=\"cstm-ctn-form-box-left\">\n\t\t\t\t<p><span class=\"wpcf7-form-control-wrap\" data-name=\"your-name\"><input size=\"40\" maxlength=\"400\" class=\"wpcf7-form-control wpcf7-text wpcf7-validates-as-required\" aria-required=\"true\" aria-invalid=\"false\" placeholder=\"Name\" value=\"\" type=\"text\" name=\"your-name\" \/><\/span>\n\t\t\t\t<\/p>\n\t\t\t<\/div>\n\t\t\t<div class=\"cstm-ctn-form-box-right\">\n\t\t\t\t<p><span class=\"wpcf7-form-control-wrap\" data-name=\"your-email\"><input size=\"40\" maxlength=\"400\" class=\"wpcf7-form-control wpcf7-email wpcf7-validates-as-required wpcf7-text wpcf7-validates-as-email\" aria-required=\"true\" aria-invalid=\"false\" placeholder=\"E-mail\" value=\"\" type=\"email\" name=\"your-email\" \/><\/span>\n\t\t\t\t<\/p>\n\t\t\t<\/div>\n\t\t<\/div>\n\t\t<div class=\"cstm-ctn-form-box\">\n\t\t\t<div class=\"cstm-ctn-form-box-left\">\n\t\t\t\t<p><span class=\"wpcf7-form-control-wrap\" data-name=\"number-296\"><input class=\"wpcf7-form-control wpcf7-number wpcf7-validates-as-number\" aria-invalid=\"false\" placeholder=\"Phone Number\" value=\"\" type=\"number\" name=\"number-296\" \/><\/span>\n\t\t\t\t<\/p>\n\t\t\t<\/div>\n\t\t\t<div class=\"cstm-ctn-form-box-right\">\n\t\t\t\t<p><span class=\"wpcf7-form-control-wrap\" data-name=\"menu-576\"><select class=\"wpcf7-form-control wpcf7-select\" aria-invalid=\"false\" name=\"menu-576\"><option value=\"-Please select-\">-Please select-<\/option><option value=\"Bodrum\">Bodrum<\/option><option value=\"Antalya\">Antalya<\/option><option value=\"Phuket\">Phuket<\/option><option value=\"I have not decided yet\">I have not decided yet<\/option><\/select><\/span>\n\t\t\t\t<\/p>\n\t\t\t<\/div>\n\t\t<\/div>\n\t\t<div class=\"cstm-ctn-form-box\">\n\t\t\t<p><span class=\"wpcf7-form-control-wrap\" data-name=\"text-233\"><input size=\"40\" maxlength=\"400\" class=\"wpcf7-form-control wpcf7-text\" aria-invalid=\"false\" placeholder=\"Your Comments\" value=\"\" type=\"text\" name=\"text-233\" \/><\/span>\n\t\t\t<\/p>\n\t\t<\/div>\n\t\t<div class=\"cstm-ctn-form-btn\">\n\t\t\t<p><input class=\"wpcf7-form-control wpcf7-submit has-spinner\" type=\"submit\" value=\"Submit\" \/>\n\t\t\t<\/p>\n\t\t<\/div>\n\t<\/div>\n<\/div><div class=\"wpcf7-response-output\" aria-hidden=\"true\"><\/div>\n<\/form>\n<\/div>\n[\/vc_column][\/vc_row][vc_row full_width=&#8221;stretch_row&#8221; add_container=&#8221;&#8221; css=&#8221;.vc_custom_1556078216197{background-color: #005664 !important;}&#8221; el_id=&#8221;cstm_row_color&#8221;][\/vc_row][vc_column][\/vc_column][vc_column_text][\/vc_column_text]<\/p>\n","protected":false},"excerpt":{"rendered":"<p>[vc_row add_container=&#8221;&#8221; css=&#8221;.vc_custom_1553755572690{margin-top: 30px !important;}&#8221;][vc_column][vc_column_text] GREEN SALAD DETOX PROGRAM [\/vc_column_text][\/vc_column][\/vc_row][vc_row full_width=&#8221;stretch_row_content_with_container&#8221; add_container=&#8221;&#8221;][vc_column width=&#8221;2\/3&#8243;][vc_single_image image=&#8221;1167&#8243; img_size=&#8221;full&#8221;][\/vc_column][vc_column width=&#8221;1\/3&#8243;][vc_column_text] Wir empfehlen den Green Salad Detox allen, die \u00dcbergewicht verlieren, ihr Verdauungssystem. entspannen und einen geliebten Menschen bei einem Detox-Programm begleiten m\u00f6chten Gr\u00fcnpflanzen enthalten viel Chlorophyll, was der Gesundheit sehr zutr\u00e4glich ist. Dank der hohen Mengen an Chlorophyll in [&hellip;]<\/p>\n","protected":false},"author":1,"featured_media":0,"parent":0,"menu_order":27,"comment_status":"closed","ping_status":"closed","template":"happy_healthier.php","meta":{"_acf_changed":false,"footnotes":""},"class_list":["post-2043","page","type-page","status-publish","hentry"],"acf":[],"jetpack_sharing_enabled":true,"_links":{"self":[{"href":"https:\/\/ibe-travel-wellbeing.com\/de\/wp-json\/wp\/v2\/pages\/2043","targetHints":{"allow":["GET"]}}],"collection":[{"href":"https:\/\/ibe-travel-wellbeing.com\/de\/wp-json\/wp\/v2\/pages"}],"about":[{"href":"https:\/\/ibe-travel-wellbeing.com\/de\/wp-json\/wp\/v2\/types\/page"}],"author":[{"embeddable":true,"href":"https:\/\/ibe-travel-wellbeing.com\/de\/wp-json\/wp\/v2\/users\/1"}],"replies":[{"embeddable":true,"href":"https:\/\/ibe-travel-wellbeing.com\/de\/wp-json\/wp\/v2\/comments?post=2043"}],"version-history":[{"count":10,"href":"https:\/\/ibe-travel-wellbeing.com\/de\/wp-json\/wp\/v2\/pages\/2043\/revisions"}],"predecessor-version":[{"id":7015,"href":"https:\/\/ibe-travel-wellbeing.com\/de\/wp-json\/wp\/v2\/pages\/2043\/revisions\/7015"}],"wp:attachment":[{"href":"https:\/\/ibe-travel-wellbeing.com\/de\/wp-json\/wp\/v2\/media?parent=2043"}],"curies":[{"name":"wp","href":"https:\/\/api.w.org\/{rel}","templated":true}]}}