{"id":2061,"date":"2021-01-25T05:42:37","date_gmt":"2021-01-25T05:42:37","guid":{"rendered":"http:\/\/ibe-travel.decodeup-projects.com\/?page_id=2061"},"modified":"2023-04-24T15:04:47","modified_gmt":"2023-04-24T15:04:47","slug":"green-juice-detox","status":"publish","type":"page","link":"https:\/\/ibe-travel-wellbeing.com\/de\/green-juice-detox\/","title":{"rendered":"Green Juice Detox"},"content":{"rendered":"<p>[vc_row add_container=&#8221;&#8221; css=&#8221;.vc_custom_1553755528076{margin-top: 30px !important;}&#8221;][vc_column][vc_column_text]<\/p>\n<h2 style=\"text-align: center; color: #6d6d6d;\">GREEN JUICE DETOX<\/h2>\n<p>[\/vc_column_text][\/vc_column][\/vc_row][vc_row full_width=&#8221;stretch_row_content_with_container&#8221; add_container=&#8221;&#8221;][vc_column width=&#8221;2\/3&#8243;][vc_single_image image=&#8221;1167&#8243; img_size=&#8221;full&#8221;][\/vc_column][vc_column width=&#8221;1\/3&#8243;][vc_column_text]<\/p>\n<p class=\"cstm_dt_desc_strong\">Das \u2018Green Detox-Programm\u2019 ist ein wirksames Entgiftungsprogramm f\u00fcr alle, die sich um ihre Gesundheit k\u00fcmmern und ihren K\u00f6rper alkalisieren m\u00f6chten. Dieses Programm wird auch all jenigen empfohlen, die keine Darm-Hydrotherapie machen m\u00f6chten. W\u00e4hrend des \u2018Green Detox-Programms\u2019 wird den ganzen Tag \u00fcber alkalisierendes Gem\u00fcse, wie Spinat, Sellerie und Gurke verzehrt.<\/p>\n<p class=\"cstm_dt_desc_strong\">Die \u2018gr\u00fcne Fl\u00fcssigkeits-Entgiftung\u2019 kann zwischen vier und sieben Tage dauern und als Di\u00e4t zusammen mit einer Master-Entgiftung durchgef\u00fchrt werden. Dies ist sowohl davor als auch danach m\u00f6glich. Da w\u00e4hrend diesen Programms keine Kauaktivit\u00e4t stattfindet, soll sich Ihr Verdauungssystem vollst\u00e4ndig ausruhen k\u00f6nnen und erneuert werden. Indem Sie ausschlie\u00dflich Fl\u00fcssigkeit in Form von S\u00e4ften zu sich nehmen, geben Sie Ihrem Verdauungssystem eine Pause. Diese frei werdende Energie in Ihren K\u00f6rper kann dieser in weiterer Folge zur Erneuerung nutzen.<\/p>\n<p>[\/vc_column_text][\/vc_column][\/vc_row][vc_row full_width=&#8221;stretch_row_content_with_container&#8221; add_container=&#8221;&#8221;][vc_column][vc_column_text]<\/p>\n<p class=\"cstm_dt_desc_mn\">Aufgrund der hohen Mengen an Chlorophyll in den dunklen Blattgem\u00fcsen steigt der Sauerstoffgehalt Ihres Blutes an und der K\u00f6rper wird sich in kurzer Zeit alkalisieren. Da Ihr K\u00f6rper nicht mit der Verdauung belastet wird, kann er seine Energie zur Reparatur, Erneuerung und Heilung nutzen.<\/p>\n<p>[\/vc_column_text][\/vc_column][\/vc_row][vc_row full_width=&#8221;stretch_row_content_with_container&#8221; add_container=&#8221;&#8221;][vc_column width=&#8221;1\/2&#8243;][vc_column_text]<\/p>\n<div class=\"prg_mn\">\n<h3 class=\"cstm_prg_ttl\">PROGRAM SCHEDULE<\/h3>\n<ul>\n<li>08:00 Immune Boost<\/li>\n<li>08:15 Yoga \u2013 Meditation<\/li>\n<li>09:30 Alkalize + Wheatgrass Juice + Kelp&amp;Nettle<\/li>\n<li>11:00 1 Glass of pH 10 Alkaline Water and Detox Soup<\/li>\n<li>12:30 Alkalize<\/li>\n<li>14:00 1 Glass of pH 10 Alkaline Water and Detox Soup<\/li>\n<li>14:00 Afternoon Yoga<\/li>\n<li>15:30 Alkalize + Wheatgrass Juice + Kelp&amp;Nettle<\/li>\n<li>17:00 1 Glass of pH 10 Alkaline Water and Detox Soup<\/li>\n<li>17:00 Movie Screening \/ Workshops<\/li>\n<li>18:30 Alkalize &amp; 2 Probiotics<\/li>\n<li>20:00 Alkalize<\/li>\n<\/ul>\n<\/div>\n<p>[\/vc_column_text][\/vc_column][vc_column width=&#8221;1\/2&#8243;][vc_column_text]<\/p>\n<div class=\"prg_mn_bg\">\n<h3 class=\"cstm_prg_ttl\">WHAT IS INCLUDED<\/h3>\n<ul>\n<li>Accommodation<\/li>\n<li>Detox \/ Healthy Nutrition Program<\/li>\n<li>Yoga \/ Meditation<\/li>\n<li>Doctor Consultation<\/li>\n<li>Body Composition Analysis<\/li>\n<li>Nutrition and Diet Counseling<\/li>\n<li>Nutrition and Diet Workshops<\/li>\n<li>SPA, Fitness &amp; Swimming Pool<\/li>\n<li>Biophoton Therapy<\/li>\n<li>Turbosonic Vibration Therapy<\/li>\n<li>Infrared Sauna<\/li>\n<li>Daily Steam Room Use<\/li>\n<li>Daily Oxygen Therapy<\/li>\n<li>Daily Colon Cleansing<\/li>\n<\/ul>\n<\/div>\n<p>[\/vc_column_text][\/vc_column][vc_column][vc_column_text]<\/p>\n<p class=\"cstm-prg_note\">*Der Programmplan und die enthaltenen Services k\u00f6nnen sich je nach Pr\u00e4ferenz und Saisonalit\u00e4t des Centers geringf\u00fcgig \u00e4ndern.<\/p>\n<p>[\/vc_column_text][\/vc_column][\/vc_row][vc_row full_width=&#8221;stretch_row_content_with_container&#8221; add_container=&#8221;&#8221;][vc_column][vc_text_separator title=&#8221;Vorteile des Green Detox-Programms&#8221; el_class=&#8221;cstm_line_text&#8221;][vc_column_text]<\/p>\n<p class=\"cstm_benifits_desc\">Oft ist es schwierig, die t\u00e4glich empfohlenen N\u00e4hrstoffe aus Gem\u00fcse und Obst zu bekommen. Gr\u00fcne Entgiftungss\u00e4fte versorgen uns mit zus\u00e4tzlichen N\u00e4hrstoffen, die in unserem t\u00e4glichen Leben fehlen. Da S\u00e4fte keine Ballaststoffe enthalten, haben sie einen anderen Verdauungsbedarf als normale Lebensmittel. N\u00e4hrstoffe werden leichter vom K\u00f6rper aufgenommen. Gr\u00fcne S\u00e4fte belasten den K\u00f6rper nicht mit Verdauungsbed\u00fcrfnissen und geben dem K\u00f6rper die M\u00f6glichkeit, Giftstoffe zu beseitigen, sprich zu entgiften.<\/p>\n<p>[\/vc_column_text][\/vc_column][\/vc_row][vc_row full_width=&#8221;stretch_row_content_with_container&#8221; add_container=&#8221;&#8221;][vc_column width=&#8221;1\/2&#8243;][vc_custom_heading text=&#8221;Hilft beim schnellen Abnehmen&#8221; font_container=&#8221;tag:h4|text_align:left&#8221; use_theme_fonts=&#8221;yes&#8221; el_class=&#8221;cstm_benifits_sub_ttl&#8221;][vc_column_text]<\/p>\n<p class=\"cstm_benifits_subdesc\">Entgiftung mit \u2018gr\u00fcnem Saft\u2019 kann Ihnen dabei helfen, Gewicht zu sowie Bauchfett zu verlieren und zu reduzieren &#8211; nat\u00fcrlich in Kombination mit Bewegung. Das Trinken von \u2018gr\u00fcnem Saft\u2019 im Zuge ihrer t\u00e4glichen Ern\u00e4hrung w\u00e4hrend dieses Programms ist f\u00fcr einen langfristigen Gewichtsverlust sehr vorteilhaft.<\/p>\n<p>[\/vc_column_text][\/vc_column][vc_column width=&#8221;1\/2&#8243;][vc_custom_heading text=&#8221;Reinigt die Leber&#8221; font_container=&#8221;tag:h4|text_align:left&#8221; use_theme_fonts=&#8221;yes&#8221; el_class=&#8221;cstm_benifits_sub_ttl&#8221;][vc_column_text]<\/p>\n<p class=\"cstm_benifits_subdesc\">Sch\u00e4dliche Substanzen in der Leber k\u00f6nnen Komplikationen verursachen und Ihre optimale Gesundheit beeintr\u00e4chtigen. Entsaften ist in der Tat ein gro\u00dfartiger Leberreiniger. Dabei wird Ihre Leber entgiftet, indem sch\u00e4dliche Toxine und Bakterien aus Ihrem K\u00f6rper ausgeschieden werden.<\/p>\n<p>[\/vc_column_text][\/vc_column][\/vc_row][vc_row full_width=&#8221;stretch_row_content_with_container&#8221; add_container=&#8221;&#8221;][vc_column width=&#8221;1\/2&#8243;][vc_custom_heading text=&#8221;Verbessert die N\u00e4hrstoff-Aufnahme&#8221; font_container=&#8221;tag:h4|text_align:left&#8221; use_theme_fonts=&#8221;yes&#8221; el_class=&#8221;cstm_benifits_sub_ttl&#8221;][vc_column_text]<\/p>\n<p class=\"cstm_benifits_subdesc\">Die mit Blattgem\u00fcse (Gr\u00fcn) zubereitete Saft-Entgiftung sorgt f\u00fcr zus\u00e4tzliche N\u00e4hrstoffe und unterst\u00fctzt auch dabei, diese gut in ihrem K\u00f6rper aufzunehmen. Da S\u00e4fte keine Ballaststoffe enthalten, haben Sie nicht den gleichen Verdauungsbedarf wie bei normalen Lebensmitteln.<\/p>\n<p>[\/vc_column_text][\/vc_column][vc_column width=&#8221;1\/2&#8243;][vc_custom_heading text=&#8221;Senkt den Zuckergehalt&#8221; font_container=&#8221;tag:h4|text_align:left&#8221; use_theme_fonts=&#8221;yes&#8221; el_class=&#8221;cstm_benifits_sub_ttl&#8221;][vc_column_text]<\/p>\n<p class=\"cstm_benifits_subdesc\">Gr\u00fcner Entgiftungssaft (aus Blattgem\u00fcse) kann helfen, die Insulin-Resistenz zu stabilisieren, den Blutzuckerspiegel zu senken und Entwicklung der Typ-2-Diabetes-Erkrankung zu verhindern. Sobald die Insulin-Resistenz abnimmt, finden sich die Glukose-Spiegel wieder im richtigen Gleichgewicht und unter Kontrolle.<\/p>\n<p>[\/vc_column_text][\/vc_column][\/vc_row][vc_row full_width=&#8221;stretch_row_content_with_container&#8221; add_container=&#8221;&#8221;][vc_column width=&#8221;1\/2&#8243;][vc_custom_heading text=&#8221;Unterst\u00fctzt Ihre Darmflora&#8221; font_container=&#8221;tag:h4|text_align:left&#8221; use_theme_fonts=&#8221;yes&#8221; el_class=&#8221;cstm_benifits_sub_ttl&#8221;][vc_column_text]<\/p>\n<p class=\"cstm_benifits_subdesc\">Eine verbesserte N\u00e4hrstoff-Aufnahme unterst\u00fctzt auch das Wachstum der n\u00fctzlichen Bakterien in der Darmflora. W\u00e4hrend der Entgiftung werden sch\u00e4dliche Bakterien ausgeschieden und Ihr Immunsystem verbessert sich aufgrund der Zunahme gesunder Bakterien.<\/p>\n<p>[\/vc_column_text][\/vc_column][vc_column width=&#8221;1\/2&#8243;][vc_custom_heading text=&#8221;Verbessert das Hautgl\u00fchen&#8221; font_container=&#8221;tag:h4|text_align:left&#8221; use_theme_fonts=&#8221;yes&#8221; el_class=&#8221;cstm_benifits_sub_ttl&#8221;][vc_column_text]<\/p>\n<p class=\"cstm_benifits_subdesc\">W\u00e4hrend der Entgiftung mit gr\u00fcnem Saft (aus Blattgem\u00fcse) entgiften Sie nicht nur Ihre Leber und Ihr Blut, sondern auch Ihre Haut. Verstopfte Poren \u00f6ffnen sich und die verj\u00fcngende Wirkung des gr\u00fcnem Detox-Saftes verhilft Ihnen zu strahlenderer Haut.<\/p>\n<p>[\/vc_column_text][\/vc_column][\/vc_row][vc_row full_width=&#8221;stretch_row_content_with_container&#8221; add_container=&#8221;&#8221;][vc_column width=&#8221;1\/2&#8243;][vc_custom_heading text=&#8221;Senkt den Cholesterinspiegel&#8221; font_container=&#8221;tag:h4|text_align:left&#8221; use_theme_fonts=&#8221;yes&#8221; el_class=&#8221;cstm_benifits_sub_ttl&#8221;][vc_column_text]<\/p>\n<p class=\"cstm_benifits_subdesc\">Ursachen f\u00fcr einen hohen Cholesterinspiegel k\u00f6nnen auf ungesunde Lebensgewohnheiten, \u00dcbergewicht oder auch Rauchen zur\u00fcckzuf\u00fchren sein. Da \u2018gr\u00fcne S\u00e4fte\u2019 zur Senkung des Cholesterins im K\u00f6rper beitragen, k\u00f6nnen sie sich positiv auf ihre Ihre Herz-Kreislauf-Gesundheit auswirken und ihre Herz-Kreislauf-Risiken reduzieren.<\/p>\n<p>[\/vc_column_text][\/vc_column][vc_column width=&#8221;1\/2&#8243;][vc_custom_heading text=&#8221;Verbessert die geistige Klarheit&#8221; font_container=&#8221;tag:h4|text_align:left&#8221; use_theme_fonts=&#8221;yes&#8221; el_class=&#8221;cstm_benifits_sub_ttl&#8221;][vc_column_text]<\/p>\n<p class=\"cstm_benifits_subdesc\">\u2018Gr\u00fcner Saft\u2019 mit Chlorophyll (Blattgr\u00fcn\/Blattgem\u00fcse) gibt Ihnen einerseits mehr Energie, anderseits hilft es auch bei der Steigerung Ihrer Gehirnfunktion. Die Speicherkapazit\u00e4t sowie die Konzentrationsf\u00e4higkeit ihres Ged\u00e4chtnisses wird durch die Aufnahme wesentlicher Vitamine und Mineralien gesteigert.<\/p>\n<p>[\/vc_column_text][\/vc_column][\/vc_row][vc_row full_width=&#8221;stretch_row&#8221; add_container=&#8221;&#8221; css=&#8221;.vc_custom_1556078335367{background-color: #005664 !important;}&#8221; el_id=&#8221;cstm_row_color&#8221;][vc_column][vc_column_text]<\/p>\n<div class=\"cstm_hlt_hpr_links_grp\">\n<div class=\"cstm_links_cnt\">Please check other programs of healthier, happier<\/div>\n<div class=\"cstm_hlt_link\" style=\"text-align: center;\"><strong><a href=\"http:\/\/ibe-travel.decodeup-projects.com\/de\/my-body-my-soul\/\">Go to Detox Programme<\/a><\/strong><\/div>\n<\/div>\n<p>[\/vc_column_text][\/vc_column][\/vc_row][vc_row full_width=&#8221;stretch_row&#8221; add_container=&#8221;&#8221; css=&#8221;.vc_custom_1614594405906{padding-top: 80px !important;padding-bottom: 80px !important;background-color: #543bdd !important;background-position: center !important;background-repeat: no-repeat !important;background-size: cover !important;}&#8221;][vc_column width=&#8221;1\/2&#8243;][vc_column_text]<\/p>\n<h2 class=\"vc_custom_heading m-b-xs vc_custom_1546006315451 align-left\">Reservation Inquiry<\/h2>\n<div class=\"wpb_text_column wpb_content_element \">\n<div class=\"wpb_wrapper cstm_descp_con\">\n<p>If you would like to make an inquiry, please fill the reservation form. Once you submit the form, we will get in touch with you and inform you about our programs.<\/p>\n<p>You can address your additional questions in the note box. Our reservation team will assist you to pick the right program.<\/p><\/div>\n<\/div>\n<p>[\/vc_column_text][\/vc_column][vc_column width=&#8221;1\/2&#8243;]\n<div class=\"wpcf7 no-js\" id=\"wpcf7-f6970-o1\" lang=\"en-US\" dir=\"ltr\" data-wpcf7-id=\"6970\">\n<div class=\"screen-reader-response\"><p role=\"status\" aria-live=\"polite\" aria-atomic=\"true\"><\/p> <ul><\/ul><\/div>\n<form action=\"\/de\/wp-json\/wp\/v2\/pages\/2061#wpcf7-f6970-o1\" method=\"post\" class=\"wpcf7-form init\" aria-label=\"Contact form\" novalidate=\"novalidate\" data-status=\"init\">\n<fieldset class=\"hidden-fields-container\"><input type=\"hidden\" name=\"_wpcf7\" value=\"6970\" \/><input type=\"hidden\" name=\"_wpcf7_version\" value=\"6.1.5\" \/><input type=\"hidden\" name=\"_wpcf7_locale\" value=\"en_US\" \/><input type=\"hidden\" name=\"_wpcf7_unit_tag\" value=\"wpcf7-f6970-o1\" \/><input type=\"hidden\" name=\"_wpcf7_container_post\" value=\"0\" \/><input type=\"hidden\" name=\"_wpcf7_posted_data_hash\" value=\"\" \/><input type=\"hidden\" name=\"_wpcf7dtx_version\" value=\"5.0.5\" \/><input type=\"hidden\" name=\"_wpcf7_recaptcha_response\" value=\"\" \/>\n<\/fieldset>\n<div class=\"cstm-ctn-form-bg\">\n\t<div class=\"cstm-ctn-form\">\n\t\t<div class=\"cstm-ctn-form-box\">\n\t\t\t<div class=\"cstm-ctn-form-box-left\">\n\t\t\t\t<p><span class=\"wpcf7-form-control-wrap\" data-name=\"your-name\"><input size=\"40\" maxlength=\"400\" class=\"wpcf7-form-control wpcf7-text wpcf7-validates-as-required\" aria-required=\"true\" aria-invalid=\"false\" placeholder=\"Name\" value=\"\" type=\"text\" name=\"your-name\" \/><\/span>\n\t\t\t\t<\/p>\n\t\t\t<\/div>\n\t\t\t<div class=\"cstm-ctn-form-box-right\">\n\t\t\t\t<p><span class=\"wpcf7-form-control-wrap\" data-name=\"your-email\"><input size=\"40\" maxlength=\"400\" class=\"wpcf7-form-control wpcf7-email wpcf7-validates-as-required wpcf7-text wpcf7-validates-as-email\" aria-required=\"true\" aria-invalid=\"false\" placeholder=\"E-mail\" value=\"\" type=\"email\" name=\"your-email\" \/><\/span>\n\t\t\t\t<\/p>\n\t\t\t<\/div>\n\t\t<\/div>\n\t\t<div class=\"cstm-ctn-form-box\">\n\t\t\t<div class=\"cstm-ctn-form-box-left\">\n\t\t\t\t<p><span class=\"wpcf7-form-control-wrap\" data-name=\"number-296\"><input class=\"wpcf7-form-control wpcf7-number wpcf7-validates-as-number\" aria-invalid=\"false\" placeholder=\"Phone Number\" value=\"\" type=\"number\" name=\"number-296\" \/><\/span>\n\t\t\t\t<\/p>\n\t\t\t<\/div>\n\t\t\t<div class=\"cstm-ctn-form-box-right\">\n\t\t\t\t<p><span class=\"wpcf7-form-control-wrap\" data-name=\"menu-576\"><select class=\"wpcf7-form-control wpcf7-select\" aria-invalid=\"false\" name=\"menu-576\"><option value=\"-Please select-\">-Please select-<\/option><option value=\"Bodrum\">Bodrum<\/option><option value=\"Antalya\">Antalya<\/option><option value=\"Phuket\">Phuket<\/option><option value=\"I have not decided yet\">I have not decided yet<\/option><\/select><\/span>\n\t\t\t\t<\/p>\n\t\t\t<\/div>\n\t\t<\/div>\n\t\t<div class=\"cstm-ctn-form-box\">\n\t\t\t<p><span class=\"wpcf7-form-control-wrap\" data-name=\"text-233\"><input size=\"40\" maxlength=\"400\" class=\"wpcf7-form-control wpcf7-text\" aria-invalid=\"false\" placeholder=\"Your Comments\" value=\"\" type=\"text\" name=\"text-233\" \/><\/span>\n\t\t\t<\/p>\n\t\t<\/div>\n\t\t<div class=\"cstm-ctn-form-btn\">\n\t\t\t<p><input class=\"wpcf7-form-control wpcf7-submit has-spinner\" type=\"submit\" value=\"Submit\" \/>\n\t\t\t<\/p>\n\t\t<\/div>\n\t<\/div>\n<\/div><div class=\"wpcf7-response-output\" aria-hidden=\"true\"><\/div>\n<\/form>\n<\/div>\n[\/vc_column][\/vc_row][vc_row full_width=&#8221;stretch_row&#8221; add_container=&#8221;&#8221; css=&#8221;.vc_custom_1556078335367{background-color: #005664 !important;}&#8221; el_id=&#8221;cstm_row_color&#8221;][\/vc_row][vc_column][\/vc_column][vc_column_text][\/vc_column_text]<\/p>\n","protected":false},"excerpt":{"rendered":"<p>[vc_row add_container=&#8221;&#8221; css=&#8221;.vc_custom_1553755528076{margin-top: 30px !important;}&#8221;][vc_column][vc_column_text] GREEN JUICE DETOX [\/vc_column_text][\/vc_column][\/vc_row][vc_row full_width=&#8221;stretch_row_content_with_container&#8221; add_container=&#8221;&#8221;][vc_column width=&#8221;2\/3&#8243;][vc_single_image image=&#8221;1167&#8243; img_size=&#8221;full&#8221;][\/vc_column][vc_column width=&#8221;1\/3&#8243;][vc_column_text] Das \u2018Green Detox-Programm\u2019 ist ein wirksames Entgiftungsprogramm f\u00fcr alle, die sich um ihre Gesundheit k\u00fcmmern und ihren K\u00f6rper alkalisieren m\u00f6chten. Dieses Programm wird auch all jenigen empfohlen, die keine Darm-Hydrotherapie machen m\u00f6chten. W\u00e4hrend des \u2018Green Detox-Programms\u2019 wird den ganzen Tag [&hellip;]<\/p>\n","protected":false},"author":1,"featured_media":0,"parent":0,"menu_order":33,"comment_status":"closed","ping_status":"closed","template":"happy_healthier.php","meta":{"_acf_changed":false,"footnotes":""},"class_list":["post-2061","page","type-page","status-publish","hentry"],"acf":[],"jetpack_sharing_enabled":true,"_links":{"self":[{"href":"https:\/\/ibe-travel-wellbeing.com\/de\/wp-json\/wp\/v2\/pages\/2061","targetHints":{"allow":["GET"]}}],"collection":[{"href":"https:\/\/ibe-travel-wellbeing.com\/de\/wp-json\/wp\/v2\/pages"}],"about":[{"href":"https:\/\/ibe-travel-wellbeing.com\/de\/wp-json\/wp\/v2\/types\/page"}],"author":[{"embeddable":true,"href":"https:\/\/ibe-travel-wellbeing.com\/de\/wp-json\/wp\/v2\/users\/1"}],"replies":[{"embeddable":true,"href":"https:\/\/ibe-travel-wellbeing.com\/de\/wp-json\/wp\/v2\/comments?post=2061"}],"version-history":[{"count":10,"href":"https:\/\/ibe-travel-wellbeing.com\/de\/wp-json\/wp\/v2\/pages\/2061\/revisions"}],"predecessor-version":[{"id":13097,"href":"https:\/\/ibe-travel-wellbeing.com\/de\/wp-json\/wp\/v2\/pages\/2061\/revisions\/13097"}],"wp:attachment":[{"href":"https:\/\/ibe-travel-wellbeing.com\/de\/wp-json\/wp\/v2\/media?parent=2061"}],"curies":[{"name":"wp","href":"https:\/\/api.w.org\/{rel}","templated":true}]}}