{"id":2088,"date":"2021-01-25T05:48:51","date_gmt":"2021-01-25T05:48:51","guid":{"rendered":"http:\/\/ibe-travel.decodeup-projects.com\/?page_id=2088"},"modified":"2021-03-24T04:13:36","modified_gmt":"2021-03-24T04:13:36","slug":"ketogenic-program","status":"publish","type":"page","link":"https:\/\/ibe-travel-wellbeing.com\/de\/ketogenic-program\/","title":{"rendered":"Ketogenic Program"},"content":{"rendered":"<p>[vc_row add_container=&#8221;&#8221; css=&#8221;.vc_custom_1553755739025{margin-top: 30px !important;}&#8221;][vc_column][vc_column_text]<\/p>\n<h2 style=\"text-align: center; color: #6d6d6d;\">KETOGENIC PROGRAM<\/h2>\n<p>[\/vc_column_text][\/vc_column][\/vc_row][vc_row full_width=&#8221;stretch_row_content_with_container&#8221; add_container=&#8221;&#8221;][vc_column width=&#8221;2\/3&#8243;][vc_single_image image=&#8221;1348&#8243; img_size=&#8221;full&#8221;][\/vc_column][vc_column width=&#8221;1\/3&#8243;][vc_column_text]<\/p>\n<p class=\"cstm_dt_desc_strong\">Das ketogene (rohe, pflanzliche), gesunde Ern\u00e4hrungsprogramm von LifeCo basiert auf einem Ern\u00e4hrungsplan, bei dem der K\u00f6rper seine gesamte Energie aus pflanzlichen Fetten &#8211; anstelle von Zucker und Kohlenhydraten &#8211; bezieht. Dieses Programm bietet zahlreiche Vorteile; wie den Schutz vor Krebs, die Unterst\u00fctzung bei der Krebs-Nachbehandlung, den Schutz vor Herz-Kreislauf-Erkrankungen, die St\u00e4rkung des Immunsystems, die Entgiftung bzw. Reinigung, die Schaffung eines Anti-Aging- und Erneuerungs-Effekts im K\u00f6rper sowie einen gesunden Gewichtsverlust, bei dem die Muskeln gesch\u00fctzt werden.<\/p>\n<p class=\"cstm_dt_desc_strong\">Der ketogene Rohkost-Plan auf pflanzlicher Basis ist sowohl roh als auch vegan. Er basiert auf der Nahrungsaufnahme von 60-70% pflanzlichen Fetten, 20-30% Proteinen und 5-10% Kohlenhydraten mit einer t\u00e4glichen Gesamt-Netto-Kohlenhydrat-Aufnahme von 12 g. Um die effektivsten und ern\u00e4hrungs-physiologisch besten Vorteile zu erzielen, werden alle Mahlzeiten roh, mit Mixern, K\u00fcchenmaschinen und speziellen D\u00f6rrger\u00e4ten bei Temperaturen unter 41 \u00b0 C zubereitet.<\/p>\n<p>[\/vc_column_text][\/vc_column][\/vc_row][vc_row full_width=&#8221;stretch_row_content_with_container&#8221; add_container=&#8221;&#8221;][vc_column][vc_column_text]<\/p>\n<p class=\"cstm_dt_desc_mn\">Die t\u00e4glicheKalorienaufnahmeumfasst 1000-1200 Kalorien. Da der K\u00f6rper mittelkettige Triglyceride (MTCs) schneller und einfacher im Stoffwechsel-Prozess umwandeln kann &#8211; welche vor allem in Pflanzen, Gem\u00fcsen, Fr\u00fcchten und Samen vorkommen &#8211; kommt es zu einer schnelleren Keton-produktion. W\u00e4hrend des Programms muss viel Wasser konsumiert werden.<\/p>\n<p class=\"cstm_dt_desc_strong\" style=\"text-align: center;\">Nettokohlenhydrate = GesamtkohlenhydrateeinesLebensmittels &#8211; Gesamtballaststoffe<\/p>\n<p class=\"cstm_dt_desc_mn\">Auf diese Weise stellen wir sicher, dass ein maximales Enzym-, Vitamin-, Phyton\u00e4hr-, Sauerstoff- und Alkalit\u00e4tslevel erreicht wird. Der K\u00f6rper verbraucht dadurch weniger Energie, kann Nahrung leichter verdauen und N\u00e4hrstoffe effektiver aufnehmen.<\/p>\n<p>[\/vc_column_text][\/vc_column][\/vc_row][vc_row full_width=&#8221;stretch_row_content_with_container&#8221; add_container=&#8221;&#8221;][vc_column width=&#8221;1\/2&#8243;][vc_column_text]<\/p>\n<div class=\"prg_mn\">\n<h3 class=\"cstm_prg_ttl\">PROGRAM SCHEDULE<\/h3>\n<ul>\n<li>08:15 Morning Walk<\/li>\n<li>09:00 Ketogenic Breakfast and 2 Digestive Enzyme Capsules<\/li>\n<li>10:00 Yoga \/ Meditation<\/li>\n<li>11:00 Measurement of Blood Sugar and Ketones<\/li>\n<li>11:00 1 Glass of pH 10 Alkaline Water or Herbal Tea<\/li>\n<li>12:00 Ketogenic Lunch and 2 Digestive Enzymes<\/li>\n<li>14:00 1 Glass of pH 10 Alkaline Water or Herbal Tea<\/li>\n<li>15:30 Ketogenic Snack<\/li>\n<li>17:00 1 Glass of pH 10 Alkaline Water or Herbal Tea<\/li>\n<li>18:00 Ketogenic Dinner and 2 Digestive Enzyme Capsules<\/li>\n<li>20:00 1 Glass of pH 10 Alkaline Water or Herbal Tea<\/li>\n<li>21:00 2 Probiotic Capsules<\/li>\n<\/ul>\n<\/div>\n<p>[\/vc_column_text][\/vc_column][vc_column width=&#8221;1\/2&#8243;][vc_column_text]<\/p>\n<div class=\"prg_mn_bg\">\n<h3 class=\"cstm_prg_ttl\">WHAT IS INCLUDED<\/h3>\n<ul>\n<li>Accommodation<\/li>\n<li>Detox \/ Healthy Nutrition Program<\/li>\n<li>Yoga \/ Meditation<\/li>\n<li>Doctor Consultation<\/li>\n<li>Body Composition Analysis<\/li>\n<li>Nutrition and Diet Counseling<\/li>\n<li>Nutrition and Diet Workshops<\/li>\n<li>SPA, Fitness &amp; Swimming Pool<\/li>\n<li>Biophoton Therapy<\/li>\n<li>Turbosonic Vibration Therapy<\/li>\n<li>Infrared Sauna<\/li>\n<li>Daily Steam Room Use<\/li>\n<li>Daily Oxygen Therapy<\/li>\n<li>Daily Colon Cleansing<\/li>\n<\/ul>\n<\/div>\n<p>[\/vc_column_text][\/vc_column][vc_column][vc_column_text]<\/p>\n<p class=\"cstm-prg_note\">*The Program Schedule and the Included Services may change slightly based on your center preference and seasonality.<\/p>\n<p>[\/vc_column_text][\/vc_column][\/vc_row][vc_row full_width=&#8221;stretch_row_content_with_container&#8221; add_container=&#8221;&#8221;][vc_column][vc_text_separator title=&#8221;Vorteile des ketogenenProgramms&#8221; el_class=&#8221;cstm_line_text&#8221;][vc_column_text]<\/p>\n<p class=\"cstm_benifits_desc\">Die ketogene Di\u00e4t wurde vor 90 Jahren von Dr. Russell Wilder zur Behandlung von Epilepsie entwickelt. Die Di\u00e4t enth\u00e4lt sehr hohe Mengen an Fetten und Proteinen sowie sehr geringe Mengen an Kohlenhydraten. Diese Di\u00e4t wurde erfolgreich bis in die 1940er Jahre eingesetzt. Mit der Entwicklung verschiedener Medikamente und dem schnellen Wachstum der Pharmaindustrie verlor diese Di\u00e4t bis in die 90er Jahre rasch an Popularit\u00e4t. In j\u00fcngster Zeit jedoch wurde sie zur Behandlung und schnelleren Unterst\u00fctzung verschiedenster Krankheiten eingesetzt.<\/p>\n<p>[\/vc_column_text][\/vc_column][\/vc_row][vc_row full_width=&#8221;stretch_row_content_with_container&#8221; add_container=&#8221;&#8221;][vc_column width=&#8221;1\/2&#8243;][vc_custom_heading text=&#8221;HilftbeimAbnehmen&#8221; font_container=&#8221;tag:h4|text_align:left&#8221; use_theme_fonts=&#8221;yes&#8221; el_class=&#8221;cstm_benifits_sub_ttl&#8221;][vc_column_text]<\/p>\n<p class=\"cstm_benifits_subdesc\">Es erfordert mehr Arbeit, Fett als Kohlenhydrate in Energie umzuwandeln. Eine ketogene Di\u00e4t kann dabei helfen, den Gewichtsverlust zu beschleunigen, da der Stoffwechsel-Aufwand bei der Verwendung von Fett als Energiequelle h\u00f6her ist als bei der Verwendung von Kohlenhydraten. Aufgrund des hohen Proteingehalts werden Sie &#8211; im Gegensatz zu anderen Di\u00e4ten &#8211; kein Hungergef\u00fchl versp\u00fcren.<\/p>\n<p>[\/vc_column_text][\/vc_column][vc_column width=&#8221;1\/2&#8243;][vc_custom_heading text=&#8221;Verbessert die Herzgesundheit&#8221; font_container=&#8221;tag:h4|text_align:left&#8221; use_theme_fonts=&#8221;yes&#8221; el_class=&#8221;cstm_benifits_sub_ttl&#8221;][vc_column_text]<\/p>\n<p class=\"cstm_benifits_subdesc\">Ist eine angemessene Vorbereitung und ein striktes Follow-up bei der ketogenen Di\u00e4t (KEINE tierische) vorhanden, kann die Herzgesundheit verbessert werden, indem der Cholesterinspiegel gesenkt wird. \u00dcberpr\u00fcfen Sie diese Studie, in der nachgewiesen wird, dass der HDL-Cholesterinspiegel (\u201egut\u201c) bei Personen nach der Keto-Di\u00e4t signifikant anstieg. Das LDL-Cholesterin (\u201eschlechtes\u201c Cholesterin) hingegen signifikant zur\u00fcckgegangen ist.<\/p>\n<p>[\/vc_column_text][\/vc_column][\/vc_row][vc_row full_width=&#8221;stretch_row_content_with_container&#8221; add_container=&#8221;&#8221;][vc_column width=&#8221;1\/2&#8243;][vc_custom_heading text=&#8221;ReduziertHautprobleme&#8221; font_container=&#8221;tag:h4|text_align:left&#8221; use_theme_fonts=&#8221;yes&#8221; el_class=&#8221;cstm_benifits_sub_ttl&#8221;][vc_column_text]<\/p>\n<p class=\"cstm_benifits_subdesc\">Hautprobleme k\u00f6nnen durch verschiedene Faktoren verursacht werden, beispielsweise durch die Ern\u00e4hrung und den Blutzucker. Blutzucker-Schwankungen werden oft durch Di\u00e4ten verursacht, die auf industriell verarbeiteten Lebensmitteln und einer hohen Kohlenhydrat-Aufnahme beruhen. Daher ist es nicht verwunderlich, dass ketogene Di\u00e4ten durch eine Verringerung der Kohlenhydrat- und Zuckeraufnahme den Hautzustand verbessern.<\/p>\n<p>[\/vc_column_text][\/vc_column][vc_column width=&#8221;1\/2&#8243;][vc_custom_heading text=&#8221;Hilft beim Schutz der Gehirnfunktion&#8221; font_container=&#8221;tag:h4|text_align:left&#8221; use_theme_fonts=&#8221;yes&#8221; el_class=&#8221;cstm_benifits_sub_ttl&#8221;][vc_column_text]<\/p>\n<p class=\"cstm_benifits_subdesc\">Einige Studien belegen, dass die ketogene Di\u00e4t neuroprotektive Vorteile bietet. Keto-Di\u00e4ten helfen normalerweise bei der Behandlung oder Vorbeugung von Erkrankungen wie Parkinson, Alzheimer und sogar einigen Schlafst\u00f6rungen. Es gibt eine gro\u00dfartige Studie, die zeigt, dass Kinder, die eine Form einer ketogenen Di\u00e4t einnahmen, aufmerksamer und kognitiver arbeiteten.<\/p>\n<p>[\/vc_column_text][\/vc_column][\/vc_row][vc_row full_width=&#8221;stretch_row_content_with_container&#8221; add_container=&#8221;&#8221;][vc_column width=&#8221;1\/2&#8243;][vc_custom_heading text=&#8221;Reduziert das Krebsrisiko&#8221; font_container=&#8221;tag:h4|text_align:left&#8221; use_theme_fonts=&#8221;yes&#8221; el_class=&#8221;cstm_benifits_sub_ttl&#8221;][vc_column_text]<\/p>\n<p class=\"cstm_benifits_subdesc\">Der oxidative Druck bei einer ketogenen Di\u00e4t ist bei Krebszellen h\u00f6her als bei normalen Zellen. Diese Studie bezeichnet die ketogene Ern\u00e4hrung als eine geeignete, erg\u00e4nzende Behandlung zu herk\u00f6mmlichen Behandlungen, wie Chemotherapie oder Bestrahlung. Ketogene Ern\u00e4hrung reduziert den Blutzucker und dies reduziert Blutzucker-Komplikationen, die mit einigen Arten von Krebs in Beziehung gebracht werden k\u00f6nnen.<\/p>\n<p>[\/vc_column_text][\/vc_column][vc_column width=&#8221;1\/2&#8243;][vc_custom_heading text=&#8221;Verbessert die geistige Klarheit&#8221; font_container=&#8221;tag:h4|text_align:left&#8221; use_theme_fonts=&#8221;yes&#8221; el_class=&#8221;cstm_benifits_sub_ttl&#8221;][vc_column_text]<\/p>\n<p class=\"cstm_benifits_subdesc\">Gr\u00fcner Saft mit Chlorophyll gibt Ihnen nicht nur vermehrt Energie, sondern hilft auch bei der Steigerung Ihrer Gehirnfunktion. Nach der Aufnahme grundlegender Vitamine und Mineralien kommt es zu einer Steigerung ihrer Konzentration und zu einer St\u00e4rkung Ihres Ged\u00e4chtnisses.<\/p>\n<p>[\/vc_column_text][\/vc_column][\/vc_row][vc_row full_width=&#8221;stretch_row&#8221; add_container=&#8221;&#8221; css=&#8221;.vc_custom_1556078971231{background-color: #005664 !important;}&#8221; el_id=&#8221;cstm_row_color&#8221;][vc_column][vc_column_text]<\/p>\n<div class=\"cstm_hlt_hpr_links_grp\">\n<div class=\"cstm_links_cnt\">Please check other Healthy Nutrition Programs<\/div>\n<div class=\"cstm_hlt_link\" style=\"text-align: center;\"><strong><a href=\"http:\/\/ibe-travel.decodeup-projects.com\/de\/healthy-nutrition-programms\/\">Go to Healthy Nutrition Program Programs<\/a><\/strong><\/div>\n<\/div>\n<p>[\/vc_column_text][\/vc_column][\/vc_row][vc_row full_width=&#8221;stretch_row&#8221; add_container=&#8221;&#8221; css=&#8221;.vc_custom_1555742011413{padding-top: 80px !important;padding-bottom: 80px !important;background-image: url(http:\/\/ibetravel.nncdev.com\/wp-content\/uploads\/2019\/03\/ketogenic_program_thelifeco.jpg?id=1347) !important;background-position: center !important;background-repeat: no-repeat !important;background-size: cover !important;}&#8221;][vc_column width=&#8221;1\/2&#8243;][vc_column_text]<\/p>\n<h2 class=\"vc_custom_heading custom_chang_color m-b-xs vc_custom_1546006315451 align-left\">Reservation Inquiry<\/h2>\n<div class=\"wpb_text_column wpb_content_element \">\n<div class=\"wpb_wrapper cstm_descp_con custom_chang_color\">\n<p>If you would like to make an inquiry, please fill the reservation form. Once you submit the form, we will get in touch with you and inform you about our programs.<\/p>\n<p>You can address your additional questions in the note box. Our reservation team will assist you to pick the right program.<\/p><\/div>\n<\/div>\n<p>[\/vc_column_text][\/vc_column][vc_column width=&#8221;1\/2&#8243;]\n<div class=\"wpcf7 no-js\" id=\"wpcf7-f6968-o1\" lang=\"en-US\" dir=\"ltr\" data-wpcf7-id=\"6968\">\n<div class=\"screen-reader-response\"><p role=\"status\" aria-live=\"polite\" aria-atomic=\"true\"><\/p> <ul><\/ul><\/div>\n<form action=\"\/de\/wp-json\/wp\/v2\/pages\/2088#wpcf7-f6968-o1\" method=\"post\" class=\"wpcf7-form init\" aria-label=\"Contact form\" novalidate=\"novalidate\" data-status=\"init\">\n<fieldset class=\"hidden-fields-container\"><input type=\"hidden\" name=\"_wpcf7\" value=\"6968\" \/><input type=\"hidden\" name=\"_wpcf7_version\" value=\"6.1.5\" \/><input type=\"hidden\" name=\"_wpcf7_locale\" value=\"en_US\" \/><input type=\"hidden\" name=\"_wpcf7_unit_tag\" value=\"wpcf7-f6968-o1\" \/><input type=\"hidden\" name=\"_wpcf7_container_post\" value=\"0\" \/><input type=\"hidden\" name=\"_wpcf7_posted_data_hash\" value=\"\" \/><input type=\"hidden\" name=\"_wpcf7dtx_version\" value=\"5.0.5\" \/><input type=\"hidden\" name=\"_wpcf7_recaptcha_response\" value=\"\" \/>\n<\/fieldset>\n<div class=\"cstm-ctn-form-bg\">\n\t<div class=\"cstm-ctn-form\">\n\t\t<div class=\"cstm-ctn-form-box\">\n\t\t\t<div class=\"cstm-ctn-form-box-left\">\n\t\t\t\t<p><span class=\"wpcf7-form-control-wrap\" data-name=\"your-name\"><input size=\"40\" maxlength=\"400\" class=\"wpcf7-form-control wpcf7-text wpcf7-validates-as-required\" aria-required=\"true\" aria-invalid=\"false\" placeholder=\"Your name\" value=\"\" type=\"text\" name=\"your-name\" \/><\/span>\n\t\t\t\t<\/p>\n\t\t\t<\/div>\n\t\t\t<div class=\"cstm-ctn-form-box-right\">\n\t\t\t\t<p><span class=\"wpcf7-form-control-wrap\" data-name=\"your-email\"><input size=\"40\" maxlength=\"400\" class=\"wpcf7-form-control wpcf7-email wpcf7-validates-as-required wpcf7-text wpcf7-validates-as-email\" aria-required=\"true\" aria-invalid=\"false\" placeholder=\"E-mail\" value=\"\" type=\"email\" name=\"your-email\" \/><\/span>\n\t\t\t\t<\/p>\n\t\t\t<\/div>\n\t\t<\/div>\n\t\t<div class=\"cstm-ctn-form-box\">\n\t\t\t<div class=\"cstm-ctn-form-box-left\">\n\t\t\t\t<p><span class=\"wpcf7-form-control-wrap\" data-name=\"number-511\"><input class=\"wpcf7-form-control wpcf7-number wpcf7-validates-as-number\" aria-invalid=\"false\" placeholder=\"Enter You Mo. No.\" value=\"\" type=\"number\" name=\"number-511\" \/><\/span>\n\t\t\t\t<\/p>\n\t\t\t<\/div>\n\t\t\t<div class=\"cstm-ctn-form-box-right\">\n\t\t\t\t<p><span class=\"wpcf7-form-control-wrap\" data-name=\"menu-244\"><select class=\"wpcf7-form-control wpcf7-select wpcf7-validates-as-required\" aria-required=\"true\" aria-invalid=\"false\" name=\"menu-244\"><option value=\"-Please select-\">-Please select-<\/option><option value=\"Bodrum\">Bodrum<\/option><option value=\"Antalya\">Antalya<\/option><option value=\"Phuket\">Phuket<\/option><option value=\"I have not decided yet\">I have not decided yet<\/option><\/select><\/span>\n\t\t\t\t<\/p>\n\t\t\t<\/div>\n\t\t<\/div>\n\t\t<div class=\"cstm-ctn-form-box\">\n\t\t\t<p><span class=\"wpcf7-form-control-wrap\" data-name=\"text-645\"><input size=\"40\" maxlength=\"400\" class=\"wpcf7-form-control wpcf7-text wpcf7-validates-as-required\" aria-required=\"true\" aria-invalid=\"false\" placeholder=\"Your Massage\" value=\"\" type=\"text\" name=\"text-645\" \/><\/span>\n\t\t\t<\/p>\n\t\t<\/div>\n\t\t<div class=\"cstm-ctn-form-btn\">\n\t\t\t<p><input class=\"wpcf7-form-control wpcf7-submit has-spinner\" type=\"submit\" value=\"Submit\" \/>\n\t\t\t<\/p>\n\t\t<\/div>\n\t<\/div>\n<\/div><div class=\"wpcf7-response-output\" aria-hidden=\"true\"><\/div>\n<\/form>\n<\/div>\n[\/vc_column][\/vc_row][vc_row full_width=&#8221;stretch_row&#8221; add_container=&#8221;&#8221; css=&#8221;.vc_custom_1556078977621{background-color: #005664 !important;}&#8221; el_id=&#8221;cstm_row_color&#8221;][vc_column][vc_column_text]<\/p>\n<div class=\"cstm_hlt_hpr_links_grp\">\n<div class=\"cstm_links_cnt\">Please check other programs of healthier, happier<\/div>\n<div class=\"cstm_hlt_link\" style=\"text-align: center;\"><strong><a href=\"http:\/\/ibe-travel.decodeup-projects.com\/de\/my-body-my-soul\/\">Go to Healthier, Happier<\/a><\/strong><\/div>\n<\/div>\n<p>[\/vc_column_text][\/vc_column][\/vc_row]<\/p>\n","protected":false},"excerpt":{"rendered":"<p>[vc_row add_container=&#8221;&#8221; css=&#8221;.vc_custom_1553755739025{margin-top: 30px !important;}&#8221;][vc_column][vc_column_text] KETOGENIC PROGRAM [\/vc_column_text][\/vc_column][\/vc_row][vc_row full_width=&#8221;stretch_row_content_with_container&#8221; add_container=&#8221;&#8221;][vc_column width=&#8221;2\/3&#8243;][vc_single_image image=&#8221;1348&#8243; img_size=&#8221;full&#8221;][\/vc_column][vc_column width=&#8221;1\/3&#8243;][vc_column_text] Das ketogene (rohe, pflanzliche), gesunde Ern\u00e4hrungsprogramm von LifeCo basiert auf einem Ern\u00e4hrungsplan, bei dem der K\u00f6rper seine gesamte Energie aus pflanzlichen Fetten &#8211; anstelle von Zucker und Kohlenhydraten &#8211; bezieht. Dieses Programm bietet zahlreiche Vorteile; wie den Schutz vor Krebs, die [&hellip;]<\/p>\n","protected":false},"author":1,"featured_media":0,"parent":0,"menu_order":42,"comment_status":"closed","ping_status":"closed","template":"happy_healthier.php","meta":{"_acf_changed":false,"footnotes":""},"class_list":["post-2088","page","type-page","status-publish","hentry"],"acf":[],"jetpack_sharing_enabled":true,"_links":{"self":[{"href":"https:\/\/ibe-travel-wellbeing.com\/de\/wp-json\/wp\/v2\/pages\/2088","targetHints":{"allow":["GET"]}}],"collection":[{"href":"https:\/\/ibe-travel-wellbeing.com\/de\/wp-json\/wp\/v2\/pages"}],"about":[{"href":"https:\/\/ibe-travel-wellbeing.com\/de\/wp-json\/wp\/v2\/types\/page"}],"author":[{"embeddable":true,"href":"https:\/\/ibe-travel-wellbeing.com\/de\/wp-json\/wp\/v2\/users\/1"}],"replies":[{"embeddable":true,"href":"https:\/\/ibe-travel-wellbeing.com\/de\/wp-json\/wp\/v2\/comments?post=2088"}],"version-history":[{"count":5,"href":"https:\/\/ibe-travel-wellbeing.com\/de\/wp-json\/wp\/v2\/pages\/2088\/revisions"}],"predecessor-version":[{"id":6990,"href":"https:\/\/ibe-travel-wellbeing.com\/de\/wp-json\/wp\/v2\/pages\/2088\/revisions\/6990"}],"wp:attachment":[{"href":"https:\/\/ibe-travel-wellbeing.com\/de\/wp-json\/wp\/v2\/media?parent=2088"}],"curies":[{"name":"wp","href":"https:\/\/api.w.org\/{rel}","templated":true}]}}