{"id":2104,"date":"2021-01-25T05:52:16","date_gmt":"2021-01-25T05:52:16","guid":{"rendered":"http:\/\/ibe-travel.decodeup-projects.com\/?page_id=2104"},"modified":"2021-03-24T05:10:09","modified_gmt":"2021-03-24T05:10:09","slug":"low-calorie-program","status":"publish","type":"page","link":"https:\/\/ibe-travel-wellbeing.com\/de\/low-calorie-program\/","title":{"rendered":"Low Calorie Program"},"content":{"rendered":"<p>[vc_row add_container=&#8221;&#8221; css=&#8221;.vc_custom_1553755728147{margin-top: 30px !important;}&#8221;][vc_column][vc_column_text]<\/p>\n<h2 style=\"text-align: center; color: #6d6d6d;\">NIEDRIG-KALORIEN- PROGRAM<\/h2>\n<p>[\/vc_column_text][\/vc_column][\/vc_row][vc_row full_width=&#8221;stretch_row_content_with_container&#8221; add_container=&#8221;&#8221;][vc_column width=&#8221;2\/3&#8243;][vc_single_image image=&#8221;1338&#8243; img_size=&#8221;full&#8221;][\/vc_column][vc_column width=&#8221;1\/3&#8243;][vc_column_text]<\/p>\n<p class=\"cstm_dt_desc_strong\">Das Raw Vegan-Programm ist eine Di\u00e4t, die auf einer Kombination von ungekochten (rohen) sowie Lebensmitteln ohne tierischen Produkten &#8211; einschlie\u00dflich Milchprodukten &#8211; beruht. Ausgenommen sind alle tierische Produkte sowie Lebensmittel, die \u00fcber 48 \u00b0 C gekocht werden. Eine rohe vegane Ern\u00e4hrung beinhaltet rohes Gem\u00fcse und Obst, N\u00fcsse und Nusspasten, Getreide und H\u00fclsenfr\u00fcchte, Sprossen, Samen, Pflanzen\u00f6le, Meeresfr\u00fcchte , Kr\u00e4uter und frische S\u00e4fte.<\/p>\n<p class=\"cstm_dt_desc_strong\">Ein kalorienarmes Programm macht Ihren K\u00f6rper basischer, indem es Ihnen hilft, die richtigen Lebensmittel zu sich zu nehmen sowie schnell und effizient Gewicht zu verlieren. Es ist sehr vorteilhaft f\u00fcr Ihre Gesundheit, basische und kalorienarme Lebensmittel zu sich zu nehmen, wenn Sie Ihren K\u00f6rper entgiften und verj\u00fcngen m\u00f6chten.<\/p>\n<p>[\/vc_column_text][\/vc_column][\/vc_row][vc_row full_width=&#8221;stretch_row_content_with_container&#8221; add_container=&#8221;&#8221;][vc_column][vc_column_text]<\/p>\n<p class=\"cstm_dt_desc_mn\">Die k\u00f6stlichen und kalorienarmen Rezepte von LifeCo werden Ihrem Gaumen Freude bereiten. Das kalorienarme Programm bringt Ihre Gesundheit auf ein h\u00f6heres Niveau, verj\u00fcngt Sie mit Anti-Aging-Effekten und hilft Ihnen, Ihr Idealgewicht zu erreichen. Dieses Programm ist f\u00fcr all jene gedacht, die schnell abnehmen m\u00f6chten, an einer chronischen Krankheit &#8211; wie Diabetes &#8211; leiden und die Symptome lindern m\u00f6chten, ihrem Verdauungssystem eine Pause g\u00f6nnen sowie Giftstoffe (Toxine) loswerden und ihre Zellen erneuern m\u00f6chten.<\/p>\n<p>[\/vc_column_text][\/vc_column][\/vc_row][vc_row full_width=&#8221;stretch_row_content_with_container&#8221; add_container=&#8221;&#8221;][vc_column width=&#8221;1\/2&#8243;][vc_column_text]<\/p>\n<div class=\"prg_mn\">\n<h3 class=\"cstm_prg_ttl\">PROGRAM SCHEDULE<\/h3>\n<ul>\n<li>08:00 Cayenne lemonade and 2 kelp &amp; nettle capsules<\/li>\n<li>08:15 Morning Walk<\/li>\n<li>09:00 Raw breakfast<\/li>\n<li>10:00 Morning Yoga Class<\/li>\n<li>11:00 1 glass of ph 10 alkaline water and detox soup<\/li>\n<li>12:00 Raw lunch<\/li>\n<li>14:00 1 glass of ph 10 alkaline water and detox soup<\/li>\n<li>15:30 Vegan snack<\/li>\n<li>17:00 1 glass of ph 10 alkaline water and detox soup<\/li>\n<li>18:00 Saf-raw dinner and 2 digestive enzyme capsules<\/li>\n<li>20:00 Cayenne lemonade<\/li>\n<li>21:00 2 probiotic capsules<\/li>\n<\/ul>\n<\/div>\n<p>[\/vc_column_text][\/vc_column][vc_column width=&#8221;1\/2&#8243;][vc_column_text]<\/p>\n<div class=\"prg_mn_bg\">\n<h3 class=\"cstm_prg_ttl\">WHAT IS INCLUDED<\/h3>\n<ul>\n<li>Accommodation<\/li>\n<li>Detox \/ Healthy Nutrition Program<\/li>\n<li>Yoga \/ Meditation<\/li>\n<li>Doctor Consultation<\/li>\n<li>Body Composition Analysis<\/li>\n<li>Nutrition and Diet Counseling<\/li>\n<li>Nutrition and Diet Workshops<\/li>\n<li>SPA, Fitness &amp; Swimming Pool<\/li>\n<li>Biophoton Therapy<\/li>\n<li>Turbosonic Vibration Therapy<\/li>\n<li>Infrared Sauna<\/li>\n<li>Daily Steam Room Use<\/li>\n<li>Daily Oxygen Therapy<\/li>\n<li>Daily Colon Cleansing<\/li>\n<\/ul>\n<\/div>\n<p>[\/vc_column_text][\/vc_column][vc_column][vc_column_text]<\/p>\n<p class=\"cstm-prg_note\">*The Program Schedule and the Included Services may change slightly based on your center preference and seasonality.<\/p>\n<p>[\/vc_column_text][\/vc_column][\/vc_row][vc_row full_width=&#8221;stretch_row_content_with_container&#8221; add_container=&#8221;&#8221;][vc_column][vc_text_separator title=&#8221;Vorteile des kalorienarmenProgramms&#8221; el_class=&#8221;cstm_line_text&#8221;][vc_column_text]<\/p>\n<p class=\"cstm_benifits_desc\">Rohkost gibt es seit dem 19. Jahrhundert und sowohl Studien als auch Anekdoten von Einzelpersonen bezeugen die Vorteile einer Rohkost-Di\u00e4t:<\/p>\n<p>[\/vc_column_text][\/vc_column][\/vc_row][vc_row full_width=&#8221;stretch_row_content_with_container&#8221; add_container=&#8221;&#8221;][vc_column width=&#8221;1\/2&#8243;][vc_custom_heading text=&#8221;Verbessert die Verdauung&#8221; font_container=&#8221;tag:h4|text_align:left&#8221; use_theme_fonts=&#8221;yes&#8221; el_class=&#8221;cstm_benifits_sub_ttl&#8221;][vc_column_text]<\/p>\n<p class=\"cstm_benifits_subdesc\">Selbst wenn Sie industriell verarbeitete Lebensmittel in Ihrer t\u00e4glichen Essroutine gut vertragen, k\u00f6nnen diese Ihre Verdauung \u00fcber l\u00e4ngere Zeit schw\u00e4chen. Der Verzehr von rohen, veganen Nahrungsmitteln ist deshalb eine gro\u00dfartige M\u00f6glichkeit, Ihre Verdauungsgesundheit zu verbessern.<\/p>\n<p>[\/vc_column_text][\/vc_column][vc_column width=&#8221;1\/2&#8243;][vc_custom_heading text=&#8221;Verbessert die Leberfunktion&#8221; font_container=&#8221;tag:h4|text_align:left&#8221; use_theme_fonts=&#8221;yes&#8221; el_class=&#8221;cstm_benifits_sub_ttl&#8221;][vc_column_text]<\/p>\n<p class=\"cstm_benifits_subdesc\">Ein kalorienarmes Di\u00e4t-Programm ist aufgrund seiner entgiftenden Wirkung f\u00fcr eine optimale Leberfunktionsehr vorteilhaft. Eine gesunde Leber ist wichtig, damit unser K\u00f6rper richtig funktioniert und arbeitet. Rohe, vegane Ern\u00e4hrung hilft bei der Reinigung sowohl der Leber als auch des Blutes.<\/p>\n<p>[\/vc_column_text][\/vc_column][\/vc_row][vc_row full_width=&#8221;stretch_row_content_with_container&#8221; add_container=&#8221;&#8221;][vc_column width=&#8221;1\/2&#8243;][vc_custom_heading text=&#8221;SenktEntz\u00fcndungen&#8221; font_container=&#8221;tag:h4|text_align:left&#8221; use_theme_fonts=&#8221;yes&#8221; el_class=&#8221;cstm_benifits_sub_ttl&#8221;][vc_column_text]<\/p>\n<p class=\"cstm_benifits_subdesc\">Kalorienarme, rohe, vegane Ern\u00e4hrung unterst\u00fctzt Ihre Darmflora. Wenn Sie ges\u00fcndere Bakterien im K\u00f6rper haben und die sch\u00e4dlichen loswerden, werden auch die akuten und chronischen Entz\u00fcndungen und Auto-Immunerkrankungen geringer werden.<\/p>\n<p>[\/vc_column_text][\/vc_column][vc_column width=&#8221;1\/2&#8243;][vc_custom_heading text=&#8221;Verhindert Krebs&#8221; font_container=&#8221;tag:h4|text_align:left&#8221; use_theme_fonts=&#8221;yes&#8221; el_class=&#8221;cstm_benifits_sub_ttl&#8221;][vc_column_text]<\/p>\n<p class=\"cstm_benifits_subdesc\">Kalorienarme, rohe, vegane Mahlzeiten senken die Anzahl der Antin\u00e4hrstoffe und Krebserreger (Karzinogene) in Ihrer Ern\u00e4hrung. Die Beseitigung von Karzinogenen, Giftstoffen und Zellabf\u00e4llen hilft, Krebsarten vorzubeugen.<\/p>\n<p>[\/vc_column_text][\/vc_column][\/vc_row][vc_row full_width=&#8221;stretch_row_content_with_container&#8221; add_container=&#8221;&#8221;][vc_column width=&#8221;1\/2&#8243;][vc_custom_heading text=&#8221;Stellt mehr Ballaststoffe bereit&#8221; font_container=&#8221;tag:h4|text_align:left&#8221; use_theme_fonts=&#8221;yes&#8221; el_class=&#8221;cstm_benifits_sub_ttl&#8221;][vc_column_text]<\/p>\n<p class=\"cstm_benifits_subdesc\">Die Aufnahme von Ballaststoffen ist bei der Vorbeugung bzw. Behandlung von Verstopfung, Bauchschmerzen, Bl\u00e4hungen sowie Durchfall sehr wichtig. Ballaststoffe unterst\u00fctzen auch Ihren normalen Stuhlgang und sorgen daf\u00fcr, dass Sie sich \u00fcber l\u00e4ngere Zeit hindurch satt f\u00fchlen.<\/p>\n<p>[\/vc_column_text][\/vc_column][vc_column width=&#8221;1\/2&#8243;][vc_custom_heading text=&#8221;Verj\u00fcngung&#8221; font_container=&#8221;tag:h4|text_align:left&#8221; use_theme_fonts=&#8221;yes&#8221; el_class=&#8221;cstm_benifits_sub_ttl&#8221;][vc_column_text]<\/p>\n<p class=\"cstm_benifits_subdesc\">W\u00e4hrend der Entgiftung f\u00fchlen Sie sich m\u00f6glicherweise etwas m\u00fcde, aber der Verzehr von basischen und kalorienarmen Lebensmitteln w\u00e4hrend dieser Di\u00e4t erh\u00f6ht auch Ihr Energieniveau und wirkt hautverj\u00fcngend.<\/p>\n<p>[\/vc_column_text][\/vc_column][\/vc_row][vc_row full_width=&#8221;stretch_row_content_with_container&#8221; add_container=&#8221;&#8221;][vc_column width=&#8221;1\/2&#8243;][vc_custom_heading text=&#8221;Verbessert die Herzgesundheit&#8221; font_container=&#8221;tag:h4|text_align:left&#8221; use_theme_fonts=&#8221;yes&#8221; el_class=&#8221;cstm_benifits_sub_ttl&#8221;][vc_column_text]<\/p>\n<p class=\"cstm_benifits_subdesc\">Rohe, vegane Ern\u00e4hrung basiert auf Obst und Gem\u00fcse. Diese enthalten kein Cholesterin. Bei dieser Di\u00e4t wird der Blutdruck gesenkt und das Risiko von Herzerkrankungen, anderen Komplikationen und Schlaganf\u00e4llen verringert.<\/p>\n<p>[\/vc_column_text][\/vc_column][vc_column width=&#8221;1\/2&#8243;][vc_custom_heading text=&#8221;Unterst\u00fctzt ein gesundes K\u00f6rpergewicht&#8221; font_container=&#8221;tag:h4|text_align:left&#8221; use_theme_fonts=&#8221;yes&#8221; el_class=&#8221;cstm_benifits_sub_ttl&#8221;][vc_column_text]<\/p>\n<p class=\"cstm_benifits_subdesc\">Durch das rohe Obst und Gem\u00fcse nimmt Ihr K\u00f6rper viel Wasser, Vitamine und Mineralien auf. Diese Di\u00e4t hilft, N\u00e4hrstoff-Mangel zu verhindern und ein gesundes K\u00f6rpergewicht aufrechtzuerhalten.<\/p>\n<p>[\/vc_column_text][\/vc_column][\/vc_row][vc_row full_width=&#8221;stretch_row&#8221; add_container=&#8221;&#8221; css=&#8221;.vc_custom_1556078609601{background-color: #005664 !important;}&#8221; el_id=&#8221;cstm_row_color&#8221;][vc_column][vc_column_text]<\/p>\n<div class=\"cstm_hlt_hpr_links_grp\">\n<div class=\"cstm_links_cnt\">Please check other Healthy Nutrition Programs<\/div>\n<div class=\"cstm_hlt_link\" style=\"text-align: center;\"><strong><a href=\"http:\/\/ibe-travel.decodeup-projects.com\/de\/healthy-nutrition-programms\/\">Go to Healthy Nutrition Program Programs<\/a><\/strong><\/div>\n<\/div>\n<p>[\/vc_column_text][\/vc_column][\/vc_row][vc_row full_width=&#8221;stretch_row&#8221; add_container=&#8221;&#8221; css=&#8221;.vc_custom_1616561057229{padding-top: 80px !important;padding-bottom: 80px !important;background-color: #45c9cc !important;background-position: center !important;background-repeat: no-repeat !important;background-size: cover !important;}&#8221; el_class=&#8221;bc&#8221;][vc_column width=&#8221;1\/2&#8243;][vc_column_text]<\/p>\n<h2 class=\"vc_custom_heading m-b-xs vc_custom_1546006315451 align-left\">Reservation Inquiry<\/h2>\n<div class=\"wpb_text_column wpb_content_element \">\n<div class=\"wpb_wrapper cstm_descp_con\">\n<p>If you would like to make an inquiry, please fill the reservation form. Once you submit the form, we will get in touch with you and inform you about our programs.<\/p>\n<p>You can address your additional questions in the note box. Our reservation team will assist you to pick the right program.<\/p><\/div>\n<\/div>\n<p>[\/vc_column_text][\/vc_column][vc_column width=&#8221;1\/2&#8243;]\n<div class=\"wpcf7 no-js\" id=\"wpcf7-f6965-o1\" lang=\"en-US\" dir=\"ltr\" data-wpcf7-id=\"6965\">\n<div class=\"screen-reader-response\"><p role=\"status\" aria-live=\"polite\" aria-atomic=\"true\"><\/p> <ul><\/ul><\/div>\n<form action=\"\/de\/wp-json\/wp\/v2\/pages\/2104#wpcf7-f6965-o1\" method=\"post\" class=\"wpcf7-form init\" aria-label=\"Contact form\" novalidate=\"novalidate\" data-status=\"init\">\n<fieldset class=\"hidden-fields-container\"><input type=\"hidden\" name=\"_wpcf7\" value=\"6965\" \/><input type=\"hidden\" name=\"_wpcf7_version\" value=\"6.1.5\" \/><input type=\"hidden\" name=\"_wpcf7_locale\" value=\"en_US\" \/><input type=\"hidden\" name=\"_wpcf7_unit_tag\" value=\"wpcf7-f6965-o1\" \/><input type=\"hidden\" name=\"_wpcf7_container_post\" value=\"0\" \/><input type=\"hidden\" name=\"_wpcf7_posted_data_hash\" value=\"\" \/><input type=\"hidden\" name=\"_wpcf7dtx_version\" value=\"5.0.5\" \/><input type=\"hidden\" name=\"_wpcf7_recaptcha_response\" value=\"\" \/>\n<\/fieldset>\n<div class=\"cstm-ctn-form-bg\">\n\t<div class=\"cstm-ctn-form\">\n\t\t<div class=\"cstm-ctn-form-box\">\n\t\t\t<div class=\"cstm-ctn-form-box-left\">\n\t\t\t\t<p><span class=\"wpcf7-form-control-wrap\" data-name=\"your-name\"><input size=\"40\" maxlength=\"400\" class=\"wpcf7-form-control wpcf7-text wpcf7-validates-as-required\" aria-required=\"true\" aria-invalid=\"false\" placeholder=\"Your name\" value=\"\" type=\"text\" name=\"your-name\" \/><\/span>\n\t\t\t\t<\/p>\n\t\t\t<\/div>\n\t\t\t<div class=\"cstm-ctn-form-box-right\">\n\t\t\t\t<p><span class=\"wpcf7-form-control-wrap\" data-name=\"your-email\"><input size=\"40\" maxlength=\"400\" class=\"wpcf7-form-control wpcf7-email wpcf7-validates-as-required wpcf7-text wpcf7-validates-as-email\" aria-required=\"true\" aria-invalid=\"false\" placeholder=\"E-mail\" value=\"\" type=\"email\" name=\"your-email\" \/><\/span>\n\t\t\t\t<\/p>\n\t\t\t<\/div>\n\t\t<\/div>\n\t\t<div class=\"cstm-ctn-form-box\">\n\t\t\t<div class=\"cstm-ctn-form-box-left\">\n\t\t\t\t<p><span class=\"wpcf7-form-control-wrap\" data-name=\"number-511\"><input class=\"wpcf7-form-control wpcf7-number wpcf7-validates-as-number\" aria-invalid=\"false\" placeholder=\"Enter You Mo. No.\" value=\"\" type=\"number\" name=\"number-511\" \/><\/span>\n\t\t\t\t<\/p>\n\t\t\t<\/div>\n\t\t\t<div class=\"cstm-ctn-form-box-right\">\n\t\t\t\t<p><span class=\"wpcf7-form-control-wrap\" data-name=\"menu-244\"><select class=\"wpcf7-form-control wpcf7-select wpcf7-validates-as-required\" aria-required=\"true\" aria-invalid=\"false\" name=\"menu-244\"><option value=\"-Please select-\">-Please select-<\/option><option value=\"Bodrum\">Bodrum<\/option><option value=\"Antalya\">Antalya<\/option><option value=\"Phuket\">Phuket<\/option><option value=\"I have not decided yet\">I have not decided yet<\/option><\/select><\/span>\n\t\t\t\t<\/p>\n\t\t\t<\/div>\n\t\t<\/div>\n\t\t<div class=\"cstm-ctn-form-box\">\n\t\t\t<p><span class=\"wpcf7-form-control-wrap\" data-name=\"text-645\"><input size=\"40\" maxlength=\"400\" class=\"wpcf7-form-control wpcf7-text wpcf7-validates-as-required\" aria-required=\"true\" aria-invalid=\"false\" placeholder=\"Your Massage\" value=\"\" type=\"text\" name=\"text-645\" \/><\/span>\n\t\t\t<\/p>\n\t\t<\/div>\n\t\t<div class=\"cstm-ctn-form-btn\">\n\t\t\t<p><input class=\"wpcf7-form-control wpcf7-submit has-spinner\" type=\"submit\" value=\"Submit\" \/>\n\t\t\t<\/p>\n\t\t<\/div>\n\t<\/div>\n<\/div><div class=\"wpcf7-response-output\" aria-hidden=\"true\"><\/div>\n<\/form>\n<\/div>\n[\/vc_column][\/vc_row][vc_row full_width=&#8221;stretch_row&#8221; add_container=&#8221;&#8221; css=&#8221;.vc_custom_1556078634127{background-color: #005664 !important;}&#8221; el_id=&#8221;cstm_row_color&#8221;][vc_column][vc_column_text]<\/p>\n<div class=\"cstm_hlt_hpr_links_grp\">\n<div class=\"cstm_links_cnt\">Please check other programs of healthier, happier<\/div>\n<div class=\"cstm_hlt_link\" style=\"text-align: center;\"><strong><a href=\"http:\/\/ibe-travel.decodeup-projects.com\/de\/my-body-my-soul\/\">Go to Healthier, Happier<\/a><\/strong><\/div>\n<\/div>\n<p>[\/vc_column_text][\/vc_column][\/vc_row]<\/p>\n","protected":false},"excerpt":{"rendered":"<p>[vc_row add_container=&#8221;&#8221; css=&#8221;.vc_custom_1553755728147{margin-top: 30px !important;}&#8221;][vc_column][vc_column_text] NIEDRIG-KALORIEN- PROGRAM [\/vc_column_text][\/vc_column][\/vc_row][vc_row full_width=&#8221;stretch_row_content_with_container&#8221; add_container=&#8221;&#8221;][vc_column width=&#8221;2\/3&#8243;][vc_single_image image=&#8221;1338&#8243; img_size=&#8221;full&#8221;][\/vc_column][vc_column width=&#8221;1\/3&#8243;][vc_column_text] Das Raw Vegan-Programm ist eine Di\u00e4t, die auf einer Kombination von ungekochten (rohen) sowie Lebensmitteln ohne tierischen Produkten &#8211; einschlie\u00dflich Milchprodukten &#8211; beruht. Ausgenommen sind alle tierische Produkte sowie Lebensmittel, die \u00fcber 48 \u00b0 C gekocht werden. Eine rohe vegane Ern\u00e4hrung [&hellip;]<\/p>\n","protected":false},"author":1,"featured_media":0,"parent":0,"menu_order":49,"comment_status":"closed","ping_status":"closed","template":"happy_healthier.php","meta":{"_acf_changed":false,"footnotes":""},"class_list":["post-2104","page","type-page","status-publish","hentry"],"acf":[],"jetpack_sharing_enabled":true,"_links":{"self":[{"href":"https:\/\/ibe-travel-wellbeing.com\/de\/wp-json\/wp\/v2\/pages\/2104","targetHints":{"allow":["GET"]}}],"collection":[{"href":"https:\/\/ibe-travel-wellbeing.com\/de\/wp-json\/wp\/v2\/pages"}],"about":[{"href":"https:\/\/ibe-travel-wellbeing.com\/de\/wp-json\/wp\/v2\/types\/page"}],"author":[{"embeddable":true,"href":"https:\/\/ibe-travel-wellbeing.com\/de\/wp-json\/wp\/v2\/users\/1"}],"replies":[{"embeddable":true,"href":"https:\/\/ibe-travel-wellbeing.com\/de\/wp-json\/wp\/v2\/comments?post=2104"}],"version-history":[{"count":6,"href":"https:\/\/ibe-travel-wellbeing.com\/de\/wp-json\/wp\/v2\/pages\/2104\/revisions"}],"predecessor-version":[{"id":7001,"href":"https:\/\/ibe-travel-wellbeing.com\/de\/wp-json\/wp\/v2\/pages\/2104\/revisions\/7001"}],"wp:attachment":[{"href":"https:\/\/ibe-travel-wellbeing.com\/de\/wp-json\/wp\/v2\/media?parent=2104"}],"curies":[{"name":"wp","href":"https:\/\/api.w.org\/{rel}","templated":true}]}}