{"id":2120,"date":"2021-01-25T05:54:36","date_gmt":"2021-01-25T05:54:36","guid":{"rendered":"http:\/\/ibe-travel.decodeup-projects.com\/?page_id=2120"},"modified":"2023-04-24T14:58:21","modified_gmt":"2023-04-24T14:58:21","slug":"master-detox","status":"publish","type":"page","link":"https:\/\/ibe-travel-wellbeing.com\/de\/master-detox\/","title":{"rendered":"Master Detox"},"content":{"rendered":"<p>[vc_row full_width=&#8221;stretch_row_content_with_container&#8221; add_container=&#8221;&#8221; css=&#8221;.vc_custom_1553755383727{margin-top: 30px !important;}&#8221;][vc_column][vc_column_text]<\/p>\n<h2 style=\"text-align: center; color: #6d6d6d;\">MASTER DETOX<\/h2>\n<p>[\/vc_column_text][\/vc_column][\/vc_row][vc_row full_width=&#8221;stretch_row_content_with_container&#8221; add_container=&#8221;&#8221;][vc_column width=&#8221;2\/3&#8243;][vc_single_image image=&#8221;2577&#8243; img_size=&#8221;full&#8221;][\/vc_column][vc_column width=&#8221;1\/3&#8243;][vc_column_text]<\/p>\n<p class=\"cstm_dt_desc_strong\">Master Detox ist unser schnellstes und effektivstes Reinigungsprogramm. Ein Fastenprogramm ohne Kauen zu m\u00fcssen, begleitet mit einem speziellen Getr\u00e4nk, das wir Detox-Shake nennen. Es wurde entwickelt in k\u00fcrzeste Zeit Ihnen die ultimative wirkungsvolle innere Reinigung zu erm\u00f6glichen indem Sie von den Giftstoffenzu reinigen, die Ihr K\u00f6rper angesammelt hat. Unser K\u00f6rper und Geist m\u00fcssen von Zeit zu Zeit wieder auffgeladen werden. \u00dcber Jahre angesammelte Toxine beeintr\u00e4chtigen die regul\u00e4ren Funktionen in unserem K\u00f6rper. Der moderne Lebensstil in den st\u00e4dtischen Kulturen hat viele Gesundheitsprobleme verursacht unddie meisten Menschen leiden unter zahlreichen Symptomen. Master Detox kann Ihnen helfen, einige der wichtigsten Probleme f\u00fcr den modernen Lebensstil zu l\u00f6sen.<\/p>\n<p>[\/vc_column_text][\/vc_column][\/vc_row][vc_row full_width=&#8221;stretch_row_content_with_container&#8221; add_container=&#8221;&#8221;][vc_column][vc_column_text]<\/p>\n<p class=\"cstm_dt_desc_mn\">Wie im Zeitplan zu sehen ist, besteht Master Detox haupts\u00e4chlich aus Shakes und Kr\u00e4utern. Detox Shakes enthalten eine Kombination aus Flohsamenschalenpulver und einem speziellen Ton mit frisch gepressten Gem\u00fcse- und Fruchts\u00e4ften. Nicht vergessen! Jeder Saft, der nicht innerhalb weniger Minuten konsumiert wird, verliert seinen N\u00e4hrwert um mehr als 70%. Flohsamenschalenpulver im Shake reguliert die Verdauung und hilft, Giftstoffe zu entfernen, w\u00e4hrend wir uns satt f\u00fchlen. Spezieller Tonabsorbiert.<\/p>\n<p class=\"cstm_dt_desc_mn\">Giftstoffe, Schwermetalle und Parasiten und entfernt all den Abfall durch unsere Darm aus dem K\u00f6rper. Kr\u00e4uter hingegen liefern uns die notwendigen t\u00e4glichen Nahrung bestehend in Form von Vitaminen, Mineralien, sekund\u00e4ren Pflanzen- und anderen wesentlichen Stoffen.<\/p>\n<p>[\/vc_column_text][\/vc_column][\/vc_row][vc_row full_width=&#8221;stretch_row_content_with_container&#8221; add_container=&#8221;&#8221;][vc_column width=&#8221;1\/2&#8243;][vc_column_text]<\/p>\n<div class=\"prg_mn\">\n<h3 class=\"cstm_prg_ttl\">PROGRAM SCHEDULE<\/h3>\n<ul>\n<li>08:00 Saft<\/li>\n<li>08:15 Morgen Walk<\/li>\n<li>09:30 Kr\u00e4uter &amp; Weizensaftgras<\/li>\n<li>10:00 Yoga Stunde<\/li>\n<li>11:00 Saft<\/li>\n<li>12:30 Kr\u00e4uter &amp; Himalayan Salz<\/li>\n<li>14:00 Saft<\/li>\n<li>14:00 Yoga \/ Meditation<\/li>\n<li>15:30 Kr\u00e4uter &amp; Weizensaftgras<\/li>\n<li>17:00 Saft<\/li>\n<li>17:00 Movie Screening \/ Workshops<\/li>\n<li>18:30 Kr\u00e4uter<\/li>\n<li>20:00 Saft<\/li>\n<li>21:30 Kr\u00e4uter &amp; Probiotics<\/li>\n<\/ul>\n<\/div>\n<p>[\/vc_column_text][\/vc_column][vc_column width=&#8221;1\/2&#8243;][vc_column_text]<\/p>\n<div class=\"prg_mn_bg\">\n<h3 class=\"cstm_prg_ttl\">FOLGENDE LEISTUNGEN SIND DABEI<\/h3>\n<ul>\n<li>\u00dcbernachtung<\/li>\n<li>Detox \/ Healthy Nutrition Programm<\/li>\n<li>Yoga \/ Meditation<\/li>\n<li>\u00c4rztliche Beratung<\/li>\n<li>Body Komposition Analysis<\/li>\n<li>Nutrition and Diet Counseling<\/li>\n<li>Nutrition and Diet Workshops<\/li>\n<li>SPA, Fitness &amp; Swimming Pool<\/li>\n<li>Biophoton Therapie<\/li>\n<li>Turbosonic Vibration Therapie<\/li>\n<li>Infrared Sauna<\/li>\n<li>T\u00e4gliche Dampfbad Benutzung<\/li>\n<li>T\u00e4gliche Oxygen Therapie<\/li>\n<li>T\u00e4gliche Colon Cleansing (Darmreinigung)<\/li>\n<\/ul>\n<\/div>\n<p>[\/vc_column_text][\/vc_column][vc_column][vc_column_text]<\/p>\n<p class=\"cstm-prg_note\">*Der Programmplan und die enthaltenen Services k\u00f6nnen sich je nach Pr\u00e4ferenz und Saisonalit\u00e4t des Centers geringf\u00fcgig \u00e4ndern.<\/p>\n<p>[\/vc_column_text][\/vc_column][\/vc_row][vc_row full_width=&#8221;stretch_row_content_with_container&#8221; add_container=&#8221;&#8221;][vc_column][vc_text_separator title=&#8221;Vorteile des Master Detox-Programms&#8221; el_class=&#8221;cstm_line_text&#8221;][vc_column_text]<\/p>\n<p class=\"cstm_benifits_desc\">Das Master Detox-Programm von LifeCo basiert auf wissenschaftlichen Erkenntnissen. Es verwendet auch Heilprinzipien, die von anderen Kulturen auf der ganzenWelt praktiziert wurden. Es handelt sich im Wesentlichen um ein Saftfastenprogramm, w\u00e4hrenddessen die kritischen Systeme des K\u00f6rpers ausgeruht werden sollen. Die Hauptvorteile sind nachstehend zusammengefasst:<\/p>\n<p>[\/vc_column_text][\/vc_column][\/vc_row][vc_row full_width=&#8221;stretch_row_content_with_container&#8221; add_container=&#8221;&#8221;][vc_column width=&#8221;1\/2&#8243;][vc_custom_heading text=&#8221;Unterst\u00fctzt Gewichtsverlust&#8221; font_container=&#8221;tag:h4|text_align:left&#8221; use_theme_fonts=&#8221;yes&#8221; el_class=&#8221;cstm_benifits_sub_ttl&#8221;][vc_column_text]<\/p>\n<p class=\"cstm_benifits_subdesc\">Kalorienreduzierung hilft bei der Fettverbrennung und macht Master Detox zu einer sehr schnellen Methode zur Gewichtsreduktion. Detox-Shakes mit kalorienarmen Inhaltsstoffen helfen Ihrem K\u00f6rper, seineEnergie zu nutzen, um Fettzellen zu verbrennen und Siegleichzeitig satt zu halten<\/p>\n<p>[\/vc_column_text][\/vc_column][vc_column width=&#8221;1\/2&#8243;][vc_custom_heading text=&#8221;Verj\u00fcngt den K\u00f6rper&#8221; font_container=&#8221;tag:h4|text_align:left&#8221; use_theme_fonts=&#8221;yes&#8221; el_class=&#8221;cstm_benifits_sub_ttl&#8221;][vc_column_text]<\/p>\n<p class=\"cstm_benifits_subdesc\">Die richtigen N\u00e4hrstoffe und Vitamine k\u00f6nnen w\u00e4hrend des Master Detox nur mit Saft leicht aufgenommen werden. Dies hilft Ihrem K\u00f6rper, sich zu verj\u00fcngen, entspannt Sie zus\u00e4tzlich, indem es Ihren Stress senkt und den Blutdruck senkt<\/p>\n<p>[\/vc_column_text][\/vc_column][\/vc_row][vc_row full_width=&#8221;stretch_row_content_with_container&#8221; add_container=&#8221;&#8221;][vc_column width=&#8221;1\/2&#8243;][vc_custom_heading text=&#8221;Kehrt Diabetes um&#8221; font_container=&#8221;tag:h4|text_align:left&#8221; use_theme_fonts=&#8221;yes&#8221; el_class=&#8221;cstm_benifits_sub_ttl&#8221;][vc_column_text]<\/p>\n<p class=\"cstm_benifits_subdesc\">Abnehmen und die Insulinsensitivit\u00e4t Ihres K\u00f6rpers h\u00e4ngen tats\u00e4chlich zusammen. W\u00e4hrend Sie w\u00e4hrend des Master Detox-Prozesses abnehmen, steigt die Insulinsensitivit\u00e4t, da der Blutzuckerspiegel weniger schwankt.<\/p>\n<p>[\/vc_column_text][\/vc_column][vc_column width=&#8221;1\/2&#8243;][vc_custom_heading text=&#8221;Steigert das Immunsystem&#8221; font_container=&#8221;tag:h4|text_align:left&#8221; use_theme_fonts=&#8221;yes&#8221; el_class=&#8221;cstm_benifits_sub_ttl&#8221;][vc_column_text]<\/p>\n<p class=\"cstm_benifits_subdesc\">Unser Immunsystem kann durch viele verschiedene Faktoren wie schlechte Essgewohnheiten, mangelnde Ern\u00e4hrung oder Umweltverschmutzung geschw\u00e4cht werden. Dieses Programm erh\u00f6ht die Funktion des Immunsystems und bietet somit mehr Zellen, denen man widerstehen kann.<\/p>\n<p>[\/vc_column_text][\/vc_column][\/vc_row][vc_row full_width=&#8221;stretch_row_content_with_container&#8221; add_container=&#8221;&#8221;][vc_column width=&#8221;1\/2&#8243;][vc_custom_heading text=&#8221;Decreases Inflammation&#8221; font_container=&#8221;tag:h4|text_align:left&#8221; use_theme_fonts=&#8221;yes&#8221; el_class=&#8221;cstm_benifits_sub_ttl&#8221;][vc_column_text]<\/p>\n<p class=\"cstm_benifits_subdesc\">An inflammatory response can occur in your body due to your eating habits or sometimes chronically. Master Detox program supports your body in recovering from increased inflammation and improves overall body repair.<\/p>\n<p>[\/vc_column_text][\/vc_column][vc_column width=&#8221;1\/2&#8243;][vc_custom_heading text=&#8221;Kehrt die Zeichen des Alterns um&#8221; font_container=&#8221;tag:h4|text_align:left&#8221; use_theme_fonts=&#8221;yes&#8221; el_class=&#8221;cstm_benifits_sub_ttl&#8221;][vc_column_text]<\/p>\n<p class=\"cstm_benifits_subdesc\">Wenn Entgiftung hilft, die Giftstoffe aus dem Inneren unseres K\u00f6rpers zu entfernen, wirkt sich dies auch positiv auf die Au\u00dfenseite unseres K\u00f6rpers aus. Master Detox bietet einen Anti-Aging-Effekt und verlangsamt den kognitiven R\u00fcckgang (der normalerweise altersbedingt ist).<\/p>\n<p>[\/vc_column_text][\/vc_column][\/vc_row][vc_row full_width=&#8221;stretch_row_content_with_container&#8221; add_container=&#8221;&#8221;][vc_column width=&#8221;1\/2&#8243;][vc_custom_heading text=&#8221;Verringert die Entz\u00fcndung&#8221; font_container=&#8221;tag:h4|text_align:left&#8221; use_theme_fonts=&#8221;yes&#8221; el_class=&#8221;cstm_benifits_sub_ttl&#8221;][vc_column_text]<\/p>\n<p class=\"cstm_benifits_subdesc\">Eine Entz\u00fcndungsreaktion kann in Ihrem K\u00f6rper aufgrund Ihrer Essgewohnheiten oder manchmal chronisch auftreten. Das Master Detox-Programm unterst\u00fctzt Ihren K\u00f6rper bei der Erholung von erh\u00f6hten Entz\u00fcndungen und verbessert die allgemeine K\u00f6rperreparatur.<\/p>\n<p>[\/vc_column_text][\/vc_column][vc_column width=&#8221;1\/2&#8243;][vc_custom_heading text=&#8221;Verhindert Herzerkrankungen&#8221; font_container=&#8221;tag:h4|text_align:left&#8221; use_theme_fonts=&#8221;yes&#8221; el_class=&#8221;cstm_benifits_sub_ttl&#8221;][vc_column_text]<\/p>\n<p class=\"cstm_benifits_subdesc\">Es senkt das Risiko f\u00fcr Herzinsuffizienz und verschiedene Herzerkrankungen, erg\u00e4nzt die wichtigen Vitamine und Mineralien, die f\u00fcr die Herzfunktion von Vorteil sind, und unterst\u00fctzt die Reinigung der Herzkranzgef\u00e4\u00dfe.<\/p>\n<p>[\/vc_column_text][\/vc_column][\/vc_row][vc_row full_width=&#8221;stretch_row_content_with_container&#8221; add_container=&#8221;&#8221;][vc_column width=&#8221;1\/2&#8243;][vc_custom_heading text=&#8221;Hilft Ihrem K\u00f6rper bei der Entgiftung&#8221; font_container=&#8221;tag:h4|text_align:left&#8221; use_theme_fonts=&#8221;yes&#8221; el_class=&#8221;cstm_benifits_sub_ttl&#8221;][vc_column_text]<\/p>\n<p class=\"cstm_benifits_subdesc\">Master Detox ist eine der schnellsten Methoden, um Giftstoffe loszuwerden, die sich aufgrund ungesunder Essgewohnheiten in unserem K\u00f6rper ansammeln. Nach dem Master Detox-Programm beseitigen Sie \u00d6deme und Toxine, haben sauberere Organe und strahlende Haut.<\/p>\n<p>[\/vc_column_text][\/vc_column][vc_column width=&#8221;1\/2&#8243;][vc_custom_heading text=&#8221;L\u00f6st Verdauungsprobleme&#8221; font_container=&#8221;tag:h4|text_align:left&#8221; use_theme_fonts=&#8221;yes&#8221; el_class=&#8221;cstm_benifits_sub_ttl&#8221;][vc_column_text]<\/p>\n<p class=\"cstm_benifits_subdesc\">Das Master-Entgiftungsprogramm enth\u00e4lt keine Lebensmittel, von denen angenommen wird, dass sie Verdauungsprobleme verursachen. In der Tat hilft es, Verdauungsprobleme wie Reizdarm, Bl\u00e4hungen, Verstopfung, Gastritis und Durchfall loszuwerden.<\/p>\n<p>[\/vc_column_text][\/vc_column][\/vc_row][vc_row full_width=&#8221;stretch_row&#8221; add_container=&#8221;&#8221; css=&#8221;.vc_custom_1616563473678{background-color: #5de0e2 !important;background-position: center !important;background-repeat: no-repeat !important;background-size: cover !important;}&#8221; el_class=&#8221;bc&#8221;][vc_column width=&#8221;1\/2&#8243;][vc_column_text]<\/p>\n<h2 class=\"vc_custom_heading m-b-xs vc_custom_1546006315451 align-left\">Reservation Inquiry<\/h2>\n<div class=\"wpb_text_column wpb_content_element \">\n<div class=\"wpb_wrapper cstm_descp_con\">\n<p>If you would like to make an inquiry, please fill the reservation form. Once you submit the form, we will get in touch with you and inform you about our programs.<\/p>\n<p>You can address your additional questions in the note box. Our reservation team will assist you to pick the right program.<\/p><\/div>\n<\/div>\n<p>[\/vc_column_text][\/vc_column][vc_column width=&#8221;1\/2&#8243;]\n<div class=\"wpcf7 no-js\" id=\"wpcf7-f6459-o1\" lang=\"en-US\" dir=\"ltr\" data-wpcf7-id=\"6459\">\n<div class=\"screen-reader-response\"><p role=\"status\" aria-live=\"polite\" aria-atomic=\"true\"><\/p> <ul><\/ul><\/div>\n<form action=\"\/de\/wp-json\/wp\/v2\/pages\/2120#wpcf7-f6459-o1\" method=\"post\" class=\"wpcf7-form init\" aria-label=\"Contact form\" novalidate=\"novalidate\" data-status=\"init\">\n<fieldset class=\"hidden-fields-container\"><input type=\"hidden\" name=\"_wpcf7\" value=\"6459\" \/><input type=\"hidden\" name=\"_wpcf7_version\" value=\"6.1.5\" \/><input type=\"hidden\" name=\"_wpcf7_locale\" value=\"en_US\" \/><input type=\"hidden\" name=\"_wpcf7_unit_tag\" value=\"wpcf7-f6459-o1\" \/><input type=\"hidden\" name=\"_wpcf7_container_post\" value=\"0\" \/><input type=\"hidden\" name=\"_wpcf7_posted_data_hash\" value=\"\" \/><input type=\"hidden\" name=\"_wpcf7dtx_version\" value=\"5.0.5\" \/><input type=\"hidden\" name=\"_wpcf7_recaptcha_response\" value=\"\" \/>\n<\/fieldset>\n<div class=\"cstm-ctn-form-bg\">\n\t<div class=\"cstm-ctn-form\">\n\t\t<div class=\"cstm-ctn-form-box\">\n\t\t\t<div class=\"cstm-ctn-form-box-left\">\n\t\t\t\t<p><span class=\"wpcf7-form-control-wrap\" data-name=\"your-name\"><input size=\"40\" maxlength=\"400\" class=\"wpcf7-form-control wpcf7-text wpcf7-validates-as-required\" aria-required=\"true\" aria-invalid=\"false\" placeholder=\"Name\" value=\"\" type=\"text\" name=\"your-name\" \/><\/span>\n\t\t\t\t<\/p>\n\t\t\t<\/div>\n\t\t\t<div class=\"cstm-ctn-form-box-right\">\n\t\t\t\t<p><span class=\"wpcf7-form-control-wrap\" data-name=\"your-email\"><input size=\"40\" maxlength=\"400\" class=\"wpcf7-form-control wpcf7-email wpcf7-validates-as-required wpcf7-text wpcf7-validates-as-email\" aria-required=\"true\" aria-invalid=\"false\" placeholder=\"E-mail\" value=\"\" type=\"email\" name=\"your-email\" \/><\/span>\n\t\t\t\t<\/p>\n\t\t\t<\/div>\n\t\t<\/div>\n\t\t<div class=\"cstm-ctn-form-box\">\n\t\t\t<div class=\"cstm-ctn-form-box-left\">\n\t\t\t\t<p><span class=\"wpcf7-form-control-wrap\" data-name=\"number-296\"><input class=\"wpcf7-form-control wpcf7-number wpcf7-validates-as-number\" aria-invalid=\"false\" placeholder=\"Phone Number\" value=\"\" type=\"number\" name=\"number-296\" \/><\/span>\n\t\t\t\t<\/p>\n\t\t\t<\/div>\n\t\t\t<div class=\"cstm-ctn-form-box-right\">\n\t\t\t\t<p><span class=\"wpcf7-form-control-wrap\" data-name=\"menu-900\"><select class=\"wpcf7-form-control wpcf7-select wpcf7-validates-as-required\" aria-required=\"true\" aria-invalid=\"false\" name=\"menu-900\"><option value=\"-Please select-\">-Please select-<\/option><option value=\"Bodrum\">Bodrum<\/option><option value=\"Antalya\">Antalya<\/option><option value=\"Phuket\">Phuket<\/option><option value=\"I have not decided yet\">I have not decided yet<\/option><\/select><\/span>\n\t\t\t\t<\/p>\n\t\t\t<\/div>\n\t\t<\/div>\n\t\t<div class=\"cstm-ctn-form-box\">\n\t\t\t<p><span class=\"wpcf7-form-control-wrap\" data-name=\"text-233\"><input size=\"40\" maxlength=\"400\" class=\"wpcf7-form-control wpcf7-text\" aria-invalid=\"false\" placeholder=\"Your Comments\" value=\"\" type=\"text\" name=\"text-233\" \/><\/span>\n\t\t\t<\/p>\n\t\t<\/div>\n\t\t<div class=\"cstm-ctn-form-btn\">\n\t\t\t<p><input class=\"wpcf7-form-control wpcf7-submit has-spinner\" type=\"submit\" value=\"Submit\" \/>\n\t\t\t<\/p>\n\t\t<\/div>\n\t<\/div>\n<\/div><div class=\"wpcf7-response-output\" aria-hidden=\"true\"><\/div>\n<\/form>\n<\/div>\n[\/vc_column][\/vc_row]<\/p>\n","protected":false},"excerpt":{"rendered":"<p>[vc_row full_width=&#8221;stretch_row_content_with_container&#8221; add_container=&#8221;&#8221; css=&#8221;.vc_custom_1553755383727{margin-top: 30px !important;}&#8221;][vc_column][vc_column_text] MASTER DETOX [\/vc_column_text][\/vc_column][\/vc_row][vc_row full_width=&#8221;stretch_row_content_with_container&#8221; add_container=&#8221;&#8221;][vc_column width=&#8221;2\/3&#8243;][vc_single_image image=&#8221;2577&#8243; img_size=&#8221;full&#8221;][\/vc_column][vc_column width=&#8221;1\/3&#8243;][vc_column_text] Master Detox ist unser schnellstes und effektivstes Reinigungsprogramm. Ein Fastenprogramm ohne Kauen zu m\u00fcssen, begleitet mit einem speziellen Getr\u00e4nk, das wir Detox-Shake nennen. Es wurde entwickelt in k\u00fcrzeste Zeit Ihnen die ultimative wirkungsvolle innere Reinigung zu erm\u00f6glichen indem Sie von [&hellip;]<\/p>\n","protected":false},"author":1,"featured_media":0,"parent":0,"menu_order":54,"comment_status":"closed","ping_status":"closed","template":"happy_healthier.php","meta":{"_acf_changed":false,"footnotes":""},"class_list":["post-2120","page","type-page","status-publish","hentry"],"acf":[],"jetpack_sharing_enabled":true,"_links":{"self":[{"href":"https:\/\/ibe-travel-wellbeing.com\/de\/wp-json\/wp\/v2\/pages\/2120","targetHints":{"allow":["GET"]}}],"collection":[{"href":"https:\/\/ibe-travel-wellbeing.com\/de\/wp-json\/wp\/v2\/pages"}],"about":[{"href":"https:\/\/ibe-travel-wellbeing.com\/de\/wp-json\/wp\/v2\/types\/page"}],"author":[{"embeddable":true,"href":"https:\/\/ibe-travel-wellbeing.com\/de\/wp-json\/wp\/v2\/users\/1"}],"replies":[{"embeddable":true,"href":"https:\/\/ibe-travel-wellbeing.com\/de\/wp-json\/wp\/v2\/comments?post=2120"}],"version-history":[{"count":16,"href":"https:\/\/ibe-travel-wellbeing.com\/de\/wp-json\/wp\/v2\/pages\/2120\/revisions"}],"predecessor-version":[{"id":13096,"href":"https:\/\/ibe-travel-wellbeing.com\/de\/wp-json\/wp\/v2\/pages\/2120\/revisions\/13096"}],"wp:attachment":[{"href":"https:\/\/ibe-travel-wellbeing.com\/de\/wp-json\/wp\/v2\/media?parent=2120"}],"curies":[{"name":"wp","href":"https:\/\/api.w.org\/{rel}","templated":true}]}}